{"id":1265,"date":"2015-10-23T08:26:23","date_gmt":"2015-10-23T08:26:23","guid":{"rendered":"https:\/\/www.elwa.com\/?page_id=1265"},"modified":"2018-09-11T07:33:09","modified_gmt":"2018-09-11T07:33:09","slug":"schiffbau-zusaetzliche-infos","status":"publish","type":"page","link":"https:\/\/wartung.elwa.fp-server.com\/de\/schiffbau\/schiffbau-zusaetzliche-infos\/","title":{"rendered":"Schiffbau &#8211; Zus\u00e4tzliche Informationen"},"content":{"rendered":"<p>Das erste ELWA Produkt, dass auf einem Schiff zum Einsatz kam, war der elektrische Durchlauferhitzer, den wir auch konstant weiterentwickeln. Doch schon seit \u00fcber 30 Jahren sind wir im Anlagenbau t\u00e4tig. Wir entwickeln und konstruieren ihnen kundenspezifische Module, die dann mit optimal angepassten Steuerungssystemen erweitert werden. Der Schaltanlagenbau ist uns sehr wichtig, da er unsere Produkte durch die n\u00f6tige und effektive Funktionalit\u00e4t erg\u00e4nzt. Dabei verwenden wir angepasste Regler und programmierbare Steuerungen, die eine direkte Einbindung in \u00fcbergeordnete Steuerungssysteme erlauben. Somit sind viele verschiedene Anwendungsm\u00f6glichkeiten gegeben, etwa Deckwaschanlagen f\u00fcr Megayachten, hochkomplexe Kraftstoffversorgung f\u00fcr Supertanker, Poolheizung oder Bilgewasseraufbereitung.<\/p>\n<p>Au\u00dferdem haben wir durch jahrelange Kooperation mit namhaften Motorenherstellern und Werften, die M\u00f6glichkeit, schnell die passende L\u00f6sung f\u00fcr Sie zu finden.<\/p>\n<p>Sollte mal ein oder mehrere Ersatzteile ben\u00f6tigt werden, sorgen kurze Reaktionszeiten im After-Sales-Bereich und die hohe Verf\u00fcgbarkeit aller Ersatzteile, f\u00fcr eine schnelle und zuverl\u00e4ssige Ersatzteillieferung. Dabei spielt das Alter des Erhitzers keine Rolle, ob er nun zwei oder 50 Jahre alt ist, ist gleichg\u00fcltig.<\/p>\n<p>Weiterhin f\u00fchren wir in Hinblick auf die drei Bereiche: Konstruktion, Produktion und Einsatz, einen schonenden Umgang mit verf\u00fcgbaren Ressourcen, sowie eine grunds\u00e4tzliche energieeffiziente Auslegung unserer Produkte. Wir ber\u00fccksichtigen dabei sowohl die direkten Effekte am Ger\u00e4t als auch die Einfl\u00fcsse auf die \u00d6kobilanz des Gesamtsystems.<\/p>\n<p>Bei uns wird Umweltschutz gro\u00df geschrieben, deswegen entwickeln und fertigen wir ausschlie\u00dflich Produkte, die aktiv zur Emissionsreduzierung beitragen. Hierzu zwei Beispiele:<\/p>\n<ul>\n<li style=\"list-style-type: none;\">\n<ul>\n<li>KWE-Technik f\u00fcr MAN-Dieselmotoren zur Reduzierung der Stickoxide im Abgas<\/li>\n<li>Bilgewasser-Vorw\u00e4rmer f\u00fcr die Separation von Verschmutzung aus dem Wasser<\/li>\n<\/ul>\n<\/li>\n<\/ul>\n<p>Selbstverst\u00e4ndlich sind alle ELWA Ger\u00e4te mit Zertifikaten aller bekannten Klassifikationsgesellschaften erh\u00e4ltlich: Germanischer Lloyd, Lloyd&#8217;s Register, American Bureau of Shipping, Det Norske Veritas, Bureau Veritas, CCS, RINA, RS usw.<\/p>\n<p>Kompetenz im Schiffsbau:<\/p>\n<ul>\n<li style=\"list-style-type: none;\">\n<ul>\n<li>K\u00fchlwasservorw\u00e4rmer (Elektrisch\/Dampf\/Thermal\u00f6l)<\/li>\n<li>Schmier\u00f6lvorw\u00e4rmer<\/li>\n<li>Kraftstoffvorw\u00e4rmer<\/li>\n<li>D\u00fcsenk\u00fchlwassermodule<\/li>\n<li>Bilgewassererhitzer<\/li>\n<li>Zentralk\u00fchlmodule<\/li>\n<li>Viskosit\u00e4tsmessung \/ Regelung<\/li>\n<\/ul>\n<\/li>\n<\/ul>\n","protected":false},"excerpt":{"rendered":"<p>Das erste ELWA Produkt, dass auf einem Schiff zum Einsatz kam, war der elektrische Durchlauferhitzer, den wir auch konstant weiterentwickeln. Doch schon seit \u00fcber 30 Jahren sind wir im Anlagenbau t\u00e4tig. Wir entwickeln und konstruieren ihnen kundenspezifische Module, die dann mit optimal angepassten Steuerungssystemen erweitert werden. Der Schaltanlagenbau ist uns sehr wichtig, da er unsere Produkte durch die n\u00f6tige und effektive Funktionalit\u00e4t erg\u00e4nzt. Dabei verwenden wir angepasste Regler und programmierbare Steuerungen, die eine direkte Einbindung in \u00fcbergeordnete Steuerungssysteme erlauben. Somit sind viele verschiedene Anwendungsm\u00f6glichkeiten gegeben, etwa Deckwaschanlagen f\u00fcr Megayachten, hochkomplexe Kraftstoffversorgung f\u00fcr Supertanker, Poolheizung oder Bilgewasseraufbereitung. Au\u00dferdem haben wir durch&#8230; <a class=\"read-more product-link\" title=\"Schiffbau &#8211; Zus\u00e4tzliche Informationen\" href=\"https:\/\/wartung.elwa.fp-server.com\/de\/schiffbau\/schiffbau-zusaetzliche-infos\/\">Mehr Informationen<\/a><\/p>\n","protected":false},"author":1,"featured_media":0,"parent":331,"menu_order":0,"comment_status":"closed","ping_status":"closed","template":"","meta":{"_acf_changed":false,"inline_featured_image":false,"footnotes":""},"acf":[],"_links":{"self":[{"href":"https:\/\/wartung.elwa.fp-server.com\/de\/wp-json\/wp\/v2\/pages\/1265"}],"collection":[{"href":"https:\/\/wartung.elwa.fp-server.com\/de\/wp-json\/wp\/v2\/pages"}],"about":[{"href":"https:\/\/wartung.elwa.fp-server.com\/de\/wp-json\/wp\/v2\/types\/page"}],"author":[{"embeddable":true,"href":"https:\/\/wartung.elwa.fp-server.com\/de\/wp-json\/wp\/v2\/users\/1"}],"replies":[{"embeddable":true,"href":"https:\/\/wartung.elwa.fp-server.com\/de\/wp-json\/wp\/v2\/comments?post=1265"}],"version-history":[{"count":9,"href":"https:\/\/wartung.elwa.fp-server.com\/de\/wp-json\/wp\/v2\/pages\/1265\/revisions"}],"predecessor-version":[{"id":3325,"href":"https:\/\/wartung.elwa.fp-server.com\/de\/wp-json\/wp\/v2\/pages\/1265\/revisions\/3325"}],"up":[{"embeddable":true,"href":"https:\/\/wartung.elwa.fp-server.com\/de\/wp-json\/wp\/v2\/pages\/331"}],"wp:attachment":[{"href":"https:\/\/wartung.elwa.fp-server.com\/de\/wp-json\/wp\/v2\/media?parent=1265"}],"curies":[{"name":"wp","href":"https:\/\/api.w.org\/{rel}","templated":true}]}}