{"id":1277,"date":"2015-10-23T08:32:07","date_gmt":"2015-10-23T08:32:07","guid":{"rendered":"https:\/\/www.elwa.com\/?page_id=1277"},"modified":"2018-04-18T10:30:13","modified_gmt":"2018-04-18T10:30:13","slug":"industrie-zusaetzliche-infos","status":"publish","type":"page","link":"https:\/\/wartung.elwa.fp-server.com\/de\/industrie\/industrie-zusaetzliche-infos\/","title":{"rendered":"Industrie &#8211; Zus\u00e4tzliche Informationen"},"content":{"rendered":"<div class=\"wpb-content-wrapper\"><p>[vc_row][vc_column][vc_column_text]Da wir bei den elektrischen Vorw\u00e4rmern flexibel im Design sein k\u00f6nnen, sind bei unseren elektrischen Vorw\u00e4rmern Leistung, Betriebsdruck, Betriebsspannung, Anschlusspositionen und das Material weitgehend frei w\u00e4hlbar. Somit sind unsere Ger\u00e4te f\u00fcr fast jeden denkbaren Einsatzfall geeignet. Das kann von polierten Oberfl\u00e4chen f\u00fcr die Medizintechnik und die Lebensmittelerzeugung bis hin zu hochlegierten Edelst\u00e4hlen f\u00fcr sehr aggressive Fl\u00fcssigkeiten reichen.<\/p>\n<p>Mit Komponenten von langj\u00e4hrigen Lieferanten erg\u00e4nzen wir unsere Produkte zu etwa Aufbereitungsanlagen f\u00fcr technisches Wasser, zu \u00d6lf\u00f6rderstationen oder Filteranlagen. Im industriellen Umfeld in dem viele Einzell\u00f6sungen ben\u00f6tigt werden, k\u00f6nnen wir unsere langj\u00e4hrige Erfahrung, sowie unsere flexiblen Fertigungsm\u00f6glichkeiten optimal nutzen. F\u00fcr unsere Kunden entwickeln wir Lufterhitzer, W\u00e4rme- und K\u00e4lteb\u00e4der, indirekte Vorw\u00e4rmeaggregate, Werkzeugbeheizungen, Druckerh\u00f6hungsanlagen und Dosiermodule. Diese kombinieren wir mit Leistungsteilen und Steuerungen aus dem hauseigenen Schaltschrankbau. Somit sind wir in der Lage, autarke und betriebssichere Anlagen zu bauen, die sowohl mit \u00fcbergeordneten Leitsystemen als auch mit den angeschlossenen hydraulischen Systemen optimal zusammenarbeiten.<\/p>\n<p>Da wir selbst ein Industriebetrieb sind, achten wir schon bei der Produktion auf Nachhaltigkeit und Umweltschutz. Daf\u00fcr sorgt eine intelligente Geb\u00e4udeautomation die Bel\u00fcftungen, Filteranlagen und Beleuchtungen, falls sie nicht ben\u00f6tigt werden abstellt. Modernste Schwei\u00dfger\u00e4te reduzieren den Stromverbrauch. Am Pr\u00fcffeld wird das f\u00fcr die hydraulischen Drucktests verwendete Wasser gefiltert und wieder in die Lagertanks zugef\u00fchrt. Die Lackiererei verf\u00fcgt \u00fcber eine hoch effektive Filteranlage, um die Emissionen auf das Minimum zu reduzieren. Eben diese Sorgfalt wenden wir auch f\u00fcr die Materialwahl und eine solide Konstruktion an. Denn nur wenn die gelieferten Produkte \u00fcber Jahrzehnte ohne Ausf\u00e4lle betrieben werden k\u00f6nnen, sind wir zufrieden und haben Nachhaltigkeit geschaffen.<\/p>\n<p>Kompetenz in Industrieanwendungen:<\/p>\n<ul>\n<li style=\"list-style-type: none;\">\n<ul>\n<li>Durchlauferhitzer<\/li>\n<li>Druckerh\u00f6hungsanlagen<\/li>\n<li>Leistungsteile<\/li>\n<li>Mess- und Regeltechnik<\/li>\n<li>Dosieranlagen<\/li>\n<\/ul>\n<\/li>\n<\/ul>\n<p>[\/vc_column_text][\/vc_column][\/vc_row]<\/p>\n<\/div>","protected":false},"excerpt":{"rendered":"<p>[vc_row][vc_column][vc_column_text]Da wir bei den elektrischen Vorw\u00e4rmern flexibel im Design sein k\u00f6nnen, sind bei unseren elektrischen Vorw\u00e4rmern Leistung, Betriebsdruck, Betriebsspannung, Anschlusspositionen und das Material weitgehend frei w\u00e4hlbar. Somit sind unsere Ger\u00e4te f\u00fcr fast jeden denkbaren Einsatzfall geeignet. Das kann von polierten Oberfl\u00e4chen f\u00fcr die Medizintechnik und die Lebensmittelerzeugung bis hin zu hochlegierten Edelst\u00e4hlen f\u00fcr sehr aggressive Fl\u00fcssigkeiten reichen. Mit Komponenten von langj\u00e4hrigen Lieferanten erg\u00e4nzen wir unsere Produkte zu etwa Aufbereitungsanlagen f\u00fcr technisches Wasser, zu \u00d6lf\u00f6rderstationen oder Filteranlagen. Im industriellen Umfeld in dem viele Einzell\u00f6sungen ben\u00f6tigt werden, k\u00f6nnen wir unsere langj\u00e4hrige Erfahrung, sowie unsere flexiblen Fertigungsm\u00f6glichkeiten optimal nutzen. F\u00fcr unsere Kunden entwickeln&#8230; <a class=\"read-more product-link\" title=\"Industrie &#8211; Zus\u00e4tzliche Informationen\" href=\"https:\/\/wartung.elwa.fp-server.com\/de\/industrie\/industrie-zusaetzliche-infos\/\">Mehr Informationen<\/a><\/p>\n","protected":false},"author":1,"featured_media":0,"parent":325,"menu_order":0,"comment_status":"closed","ping_status":"closed","template":"","meta":{"_acf_changed":false,"inline_featured_image":false,"footnotes":""},"acf":[],"_links":{"self":[{"href":"https:\/\/wartung.elwa.fp-server.com\/de\/wp-json\/wp\/v2\/pages\/1277"}],"collection":[{"href":"https:\/\/wartung.elwa.fp-server.com\/de\/wp-json\/wp\/v2\/pages"}],"about":[{"href":"https:\/\/wartung.elwa.fp-server.com\/de\/wp-json\/wp\/v2\/types\/page"}],"author":[{"embeddable":true,"href":"https:\/\/wartung.elwa.fp-server.com\/de\/wp-json\/wp\/v2\/users\/1"}],"replies":[{"embeddable":true,"href":"https:\/\/wartung.elwa.fp-server.com\/de\/wp-json\/wp\/v2\/comments?post=1277"}],"version-history":[{"count":8,"href":"https:\/\/wartung.elwa.fp-server.com\/de\/wp-json\/wp\/v2\/pages\/1277\/revisions"}],"predecessor-version":[{"id":1793,"href":"https:\/\/wartung.elwa.fp-server.com\/de\/wp-json\/wp\/v2\/pages\/1277\/revisions\/1793"}],"up":[{"embeddable":true,"href":"https:\/\/wartung.elwa.fp-server.com\/de\/wp-json\/wp\/v2\/pages\/325"}],"wp:attachment":[{"href":"https:\/\/wartung.elwa.fp-server.com\/de\/wp-json\/wp\/v2\/media?parent=1277"}],"curies":[{"name":"wp","href":"https:\/\/api.w.org\/{rel}","templated":true}]}}