{"id":1283,"date":"2015-10-23T08:22:14","date_gmt":"2015-10-23T08:22:14","guid":{"rendered":"https:\/\/www.elwa.com\/?page_id=1283"},"modified":"2015-10-23T11:06:03","modified_gmt":"2015-10-23T11:06:03","slug":"motorsport-zusaetzliche-infos","status":"publish","type":"page","link":"https:\/\/wartung.elwa.fp-server.com\/de\/motorsport\/motorsport-zusaetzliche-infos\/","title":{"rendered":"Motorsport &#8211; Zus\u00e4tzliche Informationen"},"content":{"rendered":"<p>F\u00fcr den Einsatz an der Rennstrecke und am Pr\u00fcfstand fertigen wir kompakte und voll automatisierte \u00d6lsp\u00fclmodule, mit denen Getriebe oder Motoren vorgew\u00e4rmt oder die Pr\u00fcfst\u00e4nde zur Reinigung der Kreisl\u00e4ufe gesp\u00fclt werden k\u00f6nnen. Umw\u00e4lzmenge, Temperatur und weitere Prozessparameter k\u00f6nnen am Touchpanel vorgew\u00e4hlt werden.<\/p>\n<p>Als Technologietransfer aus dem Schiffbau-\/Kraftwerksbereich bieten sich die KVES- Vorw\u00e4rmeger\u00e4te als leistungsf\u00e4hige W\u00e4rmequellen f\u00fcr den K\u00fchlertest im Karosserieelement im Windkanal an. \u00dcber W\u00e4rmetauscher kann die W\u00e4rme parallel f\u00fcr \u00d6lkreisl\u00e4ufe ausgekoppelt werden. Auch in der Entwicklung oder Fertigung von Serienfahrzeugen haben ELWA Produkte Nutzen. Dies beginnt schon beim Vormaterial in den Stahlwerken, in denen Erhitzer an den Walzstrassen, Emulsionen und Schmier\u00f6le auf pr\u00e4zise Temperaturen bringen. In den Automobilwerken findet man Erhitzer aus speziellen St\u00e4hlen und thermischen Isolierungen f\u00fcr Temperaturbereiche von bis zu -50\u00b0C wieder. Sie werden f\u00fcr Tests von Klimaanlagen verwendet.<\/p>\n<p>Kompetenz Motorsport \/ Automotive:<\/p>\n<ul>\n<ul>\n<li>Pr\u00fcfstand-Schmier\u00f6lvorw\u00e4rmer<\/li>\n<li>Pr\u00fcfstand-K\u00fchlwasservorw\u00e4rmer<\/li>\n<li>\u00d6lsp\u00fcl-\/Filtriermodule<\/li>\n<li>Zentrale Hei\u00dfwasserversorgung<\/li>\n<li>Tiefsttemperatur-Erhitzer<\/li>\n<\/ul>\n<\/ul>\n","protected":false},"excerpt":{"rendered":"<p>F\u00fcr den Einsatz an der Rennstrecke und am Pr\u00fcfstand fertigen wir kompakte und voll automatisierte \u00d6lsp\u00fclmodule, mit denen Getriebe oder Motoren vorgew\u00e4rmt oder die Pr\u00fcfst\u00e4nde zur Reinigung der Kreisl\u00e4ufe gesp\u00fclt werden k\u00f6nnen. Umw\u00e4lzmenge, Temperatur und weitere Prozessparameter k\u00f6nnen am Touchpanel vorgew\u00e4hlt werden. Als Technologietransfer aus dem Schiffbau-\/Kraftwerksbereich bieten sich die KVES- Vorw\u00e4rmeger\u00e4te als leistungsf\u00e4hige W\u00e4rmequellen f\u00fcr den K\u00fchlertest im Karosserieelement im Windkanal an. \u00dcber W\u00e4rmetauscher kann die W\u00e4rme parallel f\u00fcr \u00d6lkreisl\u00e4ufe ausgekoppelt werden. Auch in der Entwicklung oder Fertigung von Serienfahrzeugen haben ELWA Produkte Nutzen. Dies beginnt schon beim Vormaterial in den Stahlwerken, in denen Erhitzer an den Walzstrassen, Emulsionen&#8230; <a class=\"read-more product-link\" title=\"Motorsport &#8211; Zus\u00e4tzliche Informationen\" href=\"https:\/\/wartung.elwa.fp-server.com\/de\/motorsport\/motorsport-zusaetzliche-infos\/\">Mehr Informationen<\/a><\/p>\n","protected":false},"author":1,"featured_media":0,"parent":328,"menu_order":0,"comment_status":"closed","ping_status":"closed","template":"","meta":{"_acf_changed":false,"inline_featured_image":false,"footnotes":""},"acf":[],"_links":{"self":[{"href":"https:\/\/wartung.elwa.fp-server.com\/de\/wp-json\/wp\/v2\/pages\/1283"}],"collection":[{"href":"https:\/\/wartung.elwa.fp-server.com\/de\/wp-json\/wp\/v2\/pages"}],"about":[{"href":"https:\/\/wartung.elwa.fp-server.com\/de\/wp-json\/wp\/v2\/types\/page"}],"author":[{"embeddable":true,"href":"https:\/\/wartung.elwa.fp-server.com\/de\/wp-json\/wp\/v2\/users\/1"}],"replies":[{"embeddable":true,"href":"https:\/\/wartung.elwa.fp-server.com\/de\/wp-json\/wp\/v2\/comments?post=1283"}],"version-history":[{"count":2,"href":"https:\/\/wartung.elwa.fp-server.com\/de\/wp-json\/wp\/v2\/pages\/1283\/revisions"}],"predecessor-version":[{"id":1318,"href":"https:\/\/wartung.elwa.fp-server.com\/de\/wp-json\/wp\/v2\/pages\/1283\/revisions\/1318"}],"up":[{"embeddable":true,"href":"https:\/\/wartung.elwa.fp-server.com\/de\/wp-json\/wp\/v2\/pages\/328"}],"wp:attachment":[{"href":"https:\/\/wartung.elwa.fp-server.com\/de\/wp-json\/wp\/v2\/media?parent=1283"}],"curies":[{"name":"wp","href":"https:\/\/api.w.org\/{rel}","templated":true}]}}