{"id":2525,"date":"2017-11-22T15:17:40","date_gmt":"2017-11-22T15:17:40","guid":{"rendered":"https:\/\/www.elwa.com\/services\/"},"modified":"2018-09-13T06:09:00","modified_gmt":"2018-09-13T06:09:00","slug":"services","status":"publish","type":"page","link":"https:\/\/wartung.elwa.fp-server.com\/de\/services\/","title":{"rendered":"Services"},"content":{"rendered":"<div class=\"wpb-content-wrapper\"><p>[vc_row][vc_column][vc_column_text]<\/p>\n<h2 style=\"text-align: center;\">nur perfekter Service macht Produkte vollst\u00e4ndig<\/h2>\n<p>&nbsp;<\/p>\n<p style=\"text-align: center;\">jeden Tag seit der Gr\u00fcndung unseres Unternehmens haben wir niemals die Bed\u00fcrfnisse unsere Kunden aus dem Fokus verloren<\/p>\n<p style=\"text-align: center;\">Wir lehnen uns nicht zur\u00fcck bis wir genau das so schnell wie m\u00f6glich geliefert haben, was unsere Kunden brauchen<\/p>\n<p style=\"text-align: center;\">Dann \u00fcbergeben wir die Projekte an unseren After Sales, damit sie unsere Ger\u00e4te so lange wie m\u00f6glich mit geringsten Betriebskosten nutzen k\u00f6nnen<\/p>\n<p>[\/vc_column_text][\/vc_column][\/vc_row][vc_row el_class=&#8220;text-and-background-image&#8220; el_id=&#8220;beratung&#8220;][vc_column width=&#8220;1\/2&#8243; el_class=&#8220;text&#8220;][vc_column_text]<\/p>\n<h3>Beratung<\/h3>\n<p>Auf den ersten Blick m\u00f6gen unsere Produkte einfach erscheinen, aber ihre Einsatzm\u00f6glichkeiten sind so vielf\u00e4ltig, dass es leicht ist dabei den \u00dcberblick zu verlieren. Ob Power-to-Heat Systeme, Stahlwalzwerke, Prozessw\u00e4rme in der Lebensmittelindustrie oder der klassische Vorw\u00e4rmer f\u00fcr Schiffsdiesel: jede Ihrer Anlagen ist anders und bedarf individueller Ans\u00e4tze.<br \/>\nSie haben eine Idee, sind sich aber nicht sicher, ob sich diese technisch verwirklichen l\u00e4sst? Sie wollen wissen, wie Ihre Betriebsstoffe am effizientesten und am schonendsten auf Temperatur gebracht werden k\u00f6nnen? Am besten setzen wir uns bereits in der Konzeptphase zusammen und finden miteinander die effizienteste und kosteng\u00fcnstigste L\u00f6sung f\u00fcr Ihr Projekt.<\/p>\n<p>Wir sind bereit \u2013 sind Sie es auch?[\/vc_column_text][\/vc_column][vc_column width=&#8220;1\/2&#8243; el_class=&#8220;image&#8220;][vc_single_image image=&#8220;622&#8243; img_size=&#8220;full&#8220;][\/vc_column][\/vc_row][vc_row el_class=&#8220;text-and-background-image&#8220; el_id=&#8220;konstruktion&#8220;][vc_column width=&#8220;1\/2&#8243; el_class=&#8220;image&#8220;][vc_single_image image=&#8220;2225&#8243; img_size=&#8220;full&#8220;][\/vc_column][vc_column width=&#8220;1\/2&#8243; el_class=&#8220;text&#8220;][vc_column_text]<\/p>\n<h3>Konstruktion<\/h3>\n<p>Unsere Ingenieure und deren Wissen sind unser Kapital. Lassen Sie unser Kapital f\u00fcr sich arbeiten.<br \/>\nOb Sie Ihre Anlage schon fertig entwickelt haben oder ob sie sich noch in der Planungsphase befindet: unsere Ingenieure und Techniker helfen Ihnen bei der Konstruktion. Mit \u00fcber 80 Jahren praktischer Erfahrung in der Prozessw\u00e4rmeerzeugung gibt es quasi nichts, was wir noch nicht gesehen h\u00e4tten. Dies erlaubt es uns Ihnen eine schnelle und qualifizierte Einsch\u00e4tzung zu geben, ob und wie Ihr Problem gel\u00f6st werden k\u00f6nnte.<br \/>\nNehmen Sie schon w\u00e4hrend der Planung mit uns Kontakt auf, damit wir die K\u00f6pfe bereits in dieser fr\u00fchen Phase zusammenstecken und gemeinsam eine konstruktiv hochwertige L\u00f6sung finden k\u00f6nnen.[\/vc_column_text][\/vc_column][\/vc_row][vc_row el_class=&#8220;text-and-background-image&#8220; el_id=&#8220;produktion&#8220;][vc_column width=&#8220;1\/2&#8243; el_class=&#8220;text&#8220;][vc_column_text]<\/p>\n<h3>Produktion<\/h3>\n<p>An unserem Produktionsstandort in Maisach \u2013 wenige Kilometer westlich von M\u00fcnchen \u2013 produzieren und montieren wir unsere Ger\u00e4te und Module. Durch die enorme Fertigungstiefe und \u2013breite sind wir in der Lage (fast) jeden Kundenwunsch im eigenen Betrieb herstellen zu k\u00f6nnen. Und wenn das mal nicht geht, dann haben wir ein Netzwerk an Partnerunternehmen, die uns dabei helfen.[\/vc_column_text][\/vc_column][vc_column width=&#8220;1\/2&#8243; el_class=&#8220;image&#8220;][vc_single_image image=&#8220;2230&#8243; img_size=&#8220;full&#8220;][\/vc_column][\/vc_row][vc_row el_id=&#8220;wartung&#8220;][vc_column width=&#8220;1\/3&#8243;][vc_column_text]<div class=\"page-teaser\"><span class=\"page-teaser-title\">Inbetriebnahme:<\/span><p class=\"pake-teaser-text\">Ihre Anlage muss in Betrieb genommen werden und Sie sind auf der Suche nach einem Experten? Gerne helfen wir Ihnen dabei diesen zu finden \u2013 rufen Sie uns an oder schicken Sie uns eine E-Mail.<\/p><a href=\"https:\/\/wartung.elwa.fp-server.com\/de\/kontaktformular\/\">zur Kontaktseite<\/a><\/div>[\/vc_column_text][\/vc_column][vc_column width=&#8220;1\/3&#8243;][vc_column_text]<div class=\"page-teaser\"><span class=\"page-teaser-title\">Wartung:<\/span><p class=\"pake-teaser-text\">Je gepflegter ein Produkt desto l\u00e4nger h\u00e4lt es. Die von Haus aus lange Lebensdauer unserer Produkte k\u00f6nnen Sie verl\u00e4ngern, in dem Sie sie einer regelm\u00e4\u00dfigen \u00dcberpr\u00fcfung unterziehen lassen. Sprechen Sie mit uns, um sich von uns oder einem unserer Servicepartner ein Angebot \u00fcber Wartungsvertr\u00e4ge unterbreiten zu lassen.<\/p><a href=\"https:\/\/wartung.elwa.fp-server.com\/de\/kontaktformular\/\">Wartungsangebot anfordern<\/a><\/div>[\/vc_column_text][\/vc_column][vc_column width=&#8220;1\/3&#8243;][vc_column_text]<div class=\"page-teaser\"><span class=\"page-teaser-title\">Reparatur:<\/span><p class=\"pake-teaser-text\">Auch beim besten Produkt k\u00f6nnen Reparaturen notwendig werden. Lassen Sie diese von Fachleuten unter der Verwendung von Originalersatzteilen durchf\u00fchren. Wir helfen Ihnen bei der Vermittlung der Experten und der Bereitstellung der Ersatzteile. Kontaktieren Sie uns, wenn der (seltene) Fall der F\u00e4lle eingetreten sein sollte.<\/p><a href=\"https:\/\/wartung.elwa.fp-server.com\/de\/kontaktformular\/\">zur Kontaktseite<\/a><\/div>[\/vc_column_text][\/vc_column][\/vc_row][vc_row][vc_column width=&#8220;1\/3&#8243;][vc_column_text]<div class=\"page-teaser\"><span class=\"page-teaser-title\">Ersatzteile<\/span><p class=\"pake-teaser-text\">Wir halten die meisten Ersatzteile auf Lager bzw. k\u00f6nnen wir sie kurzfristig beschaffen und ausliefern.<\/p><a href=\"https:\/\/wartung.elwa.fp-server.com\/de\/ersatzteilanfrage\/\">Ersatzteilanfrage<\/a><\/div>[\/vc_column_text][\/vc_column][vc_column width=&#8220;1\/3&#8243;][vc_column_text]<div class=\"page-teaser\"><span class=\"page-teaser-title\">Downloads:<\/span><p class=\"pake-teaser-text\">Hier finden Sie Kurzbeschreibungen unserer Ger\u00e4te, Flyer zu unseren Produkten, Fallbeispiele zu Power-to-Heat Anwendungen, unsere Firmenbrosch\u00fcre und, und, und<\/p><a href=\"https:\/\/wartung.elwa.fp-server.com\/de\/downloads-2\/\">zu den Downloads<\/a><\/div>[\/vc_column_text][\/vc_column][vc_column width=&#8220;1\/3&#8243;][\/vc_column][\/vc_row]<\/p>\n<\/div>","protected":false},"excerpt":{"rendered":"<p>[vc_row][vc_column][vc_column_text] nur perfekter Service macht Produkte vollst\u00e4ndig &nbsp; jeden Tag seit der Gr\u00fcndung unseres Unternehmens haben wir niemals die Bed\u00fcrfnisse unsere Kunden aus dem Fokus verloren Wir lehnen uns nicht zur\u00fcck bis wir genau das so schnell wie m\u00f6glich geliefert haben, was unsere Kunden brauchen Dann \u00fcbergeben wir die Projekte an unseren After Sales, damit sie unsere Ger\u00e4te so lange wie m\u00f6glich mit geringsten Betriebskosten nutzen k\u00f6nnen [\/vc_column_text][\/vc_column][\/vc_row][vc_row el_class=&#8220;text-and-background-image&#8220; el_id=&#8220;beratung&#8220;][vc_column width=&#8220;1\/2&#8243; el_class=&#8220;text&#8220;][vc_column_text] Beratung Auf den ersten Blick m\u00f6gen unsere Produkte einfach erscheinen, aber ihre Einsatzm\u00f6glichkeiten sind so vielf\u00e4ltig, dass es leicht ist dabei den \u00dcberblick zu verlieren. Ob Power-to-Heat Systeme,&#8230; <a class=\"read-more product-link\" title=\"Services\" href=\"https:\/\/wartung.elwa.fp-server.com\/de\/services\/\">Mehr Informationen<\/a><\/p>\n","protected":false},"author":1,"featured_media":0,"parent":0,"menu_order":0,"comment_status":"closed","ping_status":"closed","template":"page-templates\/landing-page-leistungen.php","meta":{"_acf_changed":false,"inline_featured_image":false,"footnotes":""},"acf":[],"_links":{"self":[{"href":"https:\/\/wartung.elwa.fp-server.com\/de\/wp-json\/wp\/v2\/pages\/2525"}],"collection":[{"href":"https:\/\/wartung.elwa.fp-server.com\/de\/wp-json\/wp\/v2\/pages"}],"about":[{"href":"https:\/\/wartung.elwa.fp-server.com\/de\/wp-json\/wp\/v2\/types\/page"}],"author":[{"embeddable":true,"href":"https:\/\/wartung.elwa.fp-server.com\/de\/wp-json\/wp\/v2\/users\/1"}],"replies":[{"embeddable":true,"href":"https:\/\/wartung.elwa.fp-server.com\/de\/wp-json\/wp\/v2\/comments?post=2525"}],"version-history":[{"count":11,"href":"https:\/\/wartung.elwa.fp-server.com\/de\/wp-json\/wp\/v2\/pages\/2525\/revisions"}],"predecessor-version":[{"id":3617,"href":"https:\/\/wartung.elwa.fp-server.com\/de\/wp-json\/wp\/v2\/pages\/2525\/revisions\/3617"}],"wp:attachment":[{"href":"https:\/\/wartung.elwa.fp-server.com\/de\/wp-json\/wp\/v2\/media?parent=2525"}],"curies":[{"name":"wp","href":"https:\/\/api.w.org\/{rel}","templated":true}]}}