{"id":289,"date":"2013-04-08T14:47:09","date_gmt":"2013-04-08T14:47:09","guid":{"rendered":"https:\/\/www.elwa.com\/?page_id=289"},"modified":"2018-09-27T10:08:50","modified_gmt":"2018-09-27T10:08:50","slug":"durchlauferhitzer","status":"publish","type":"page","link":"https:\/\/wartung.elwa.fp-server.com\/de\/durchlauferhitzer\/","title":{"rendered":"Durchlauferhitzer"},"content":{"rendered":"<div class=\"wpb-content-wrapper\"><p>[vc_row][vc_column][vc_row_inner][vc_column_inner width=&#8220;1\/2&#8243;][vc_column_text]ELWA fertigt verschiedene elektrische Durchlauferhitzer. Alle Produkte erf\u00fcllen h\u00f6chste Qualit\u00e4tsanspr\u00fcche und sind so konstruiert, dass sie perfekt f\u00fcr den vorgesehenen Einsatzzweck angepasst werden k\u00f6nnen.<\/p>\n<p>Betriebsspannung, spezifische Oberfl\u00e4chenbelastung, Material von Druckbeh\u00e4lter und Heizk\u00f6rpern sowie Position und Nennweite der Anschlussflansche \u2026 es gibt nahezu keine Grenzen um unsere Vorw\u00e4rmer optimal f\u00fcr die Anwendungen unserer Kunden zu adaptieren.<\/p>\n<p>Um Sie zu dem Produkt zu f\u00fchren, welches am besten f\u00fcr Ihre Anwendung geeignet ist, benutzen Sie bitte den nachfolgenden <em><strong>Medien-\/Anwendungsguide <\/strong><\/em>&#8230; oder scrollen Sie weiter nach unten zum <em><strong>quick type guide<\/strong><\/em>, wenn Sie sich einen schnellen \u00dcberblick \u00fcber die verf\u00fcgbaren Typen machen wollen.<\/p>\n<p>[\/vc_column_text][\/vc_column_inner][vc_column_inner width=&#8220;1\/2&#8243;][vc_column_text]<a href=\"https:\/\/wartung.elwa.fp-server.com\/wp-content\/uploads\/2013\/09\/4636-links.jpg\"><img loading=\"lazy\" decoding=\"async\" class=\"size-medium wp-image-649 aligncenter\" src=\"https:\/\/wartung.elwa.fp-server.com\/wp-content\/uploads\/2013\/09\/4636-links-151x300.jpg\" alt=\"ELWA Serie 4636\" width=\"151\" height=\"300\" srcset=\"https:\/\/wartung.elwa.fp-server.com\/wp-content\/uploads\/2013\/09\/4636-links-151x300.jpg 151w, https:\/\/wartung.elwa.fp-server.com\/wp-content\/uploads\/2013\/09\/4636-links.jpg 455w\" sizes=\"(max-width: 151px) 100vw, 151px\" \/><\/a>[\/vc_column_text][\/vc_column_inner][\/vc_row_inner][vc_tta_tabs style=&#8220;modern&#8220; active_section=&#8220;1&#8243; title=&#8220;Medien- \/ Anwendungsguide&#8220;][vc_tta_section title=&#8220;\u00d6l ( HFO \/ MDO \/ Schmierstoffe \/&#8230;)&#8220; tab_id=&#8220;1517072384569-45f156f9-ddbf&#8220;][vc_column_text]Wenn Sie \u00d6l erw\u00e4rmen wollen, sind unsere Erhitzer der Serie 4600 RF oder 4600 MT die perfekte Wahl um die Oberfl\u00e4chenbelastung (W\/cm2) auf niedrigem Niveau zu halten und das Medium schonend zu erw\u00e4rmen. Wenn Sie dar\u00fcber hinaus ein extrem kompaktes Design ben\u00f6tigen, sehen Sie sich bitte unsere Serie 4700 an.<\/p>\n<ul>\n<li><a title=\"ERH 4600 RF (oil\/emulsion)\" href=\"https:\/\/wartung.elwa.fp-server.com\/de\/flowheater\/4600-oe-durchlauferhitzer-oel\/\">4600 RF :\u00a0 max 10 bar \/ from 3 to 228 kW<\/a><\/li>\n<li><a title=\"ERH 4600 RF (oil\/emulsion)\" href=\"https:\/\/wartung.elwa.fp-server.com\/de\/flowheater\/4600-oe-durchlauferhitzer-oel\/\">4600 MT :\u00a0 max 16 bar \/ from 3 to 228 kW<\/a><\/li>\n<li><a title=\"ERH 4700 compact (oil\/emulsion)\" href=\"https:\/\/wartung.elwa.fp-server.com\/de\/flowheater\/4700-compact-durchlauferhitzer-oel\/\">4700 \u00a0 \u00a0 \u00a0 :\u00a0 max\u00a0 6 bar \/ from 3 to 36 kW<\/a><\/li>\n<\/ul>\n<p>[\/vc_column_text][\/vc_tta_section][vc_tta_section title=&#8220;Wasser (mit\/ohne Zus\u00e4tze)&#8220; tab_id=&#8220;1517225337881-19ec36cc-45a6&#8243;][vc_column_text]Wenn Sie Wasser (auch mit Zus\u00e4tzen) erw\u00e4rmen wollen, sind unsere Erhitzer der Serie 4600 WR die perfekte Wahl. Die Heizk\u00f6rper k\u00f6nnen einzeln ausgewechselt werden und machen die Erhitzer somit zu einer zukunftssicheren Investition mit einem niedrigen TCO. Diese Vorw\u00e4rmer sind auch Bestandteil unsere KVE Vorw\u00e4rmaggregate, die mit Schaltschrank und Pumpe komplette Vorw\u00e4rmeinheiten bilden.<\/p>\n<ul>\n<li><a title=\"ERH 4600 WR (water\/emulsion)\" href=\"https:\/\/wartung.elwa.fp-server.com\/de\/flowheater\/4600-w-durchlauferhitzer-wasser\/\">4600 WR :\u00a0 max\u00a0 16 bar \/ from 3 to 427 kW<\/a><\/li>\n<li><a title=\"Preheater KVE\" href=\"https:\/\/wartung.elwa.fp-server.com\/de\/rtr-units\/kve-vorwaermer\/\">GoTo KVE preheating units -&gt;<\/a><\/li>\n<\/ul>\n<p>[\/vc_column_text][\/vc_tta_section][vc_tta_section title=&#8220;Emulsionen (\u00d6l &amp; Wasser)&#8220; tab_id=&#8220;1517072384607-e6cd62df-a3e4&#8243;][vc_column_text]Wenn Sie Emulsionen erw\u00e4rmen wollen, sind unsere Erhitzer der Serie 4600 RF oder 4600 MT die perfekte Wahl um die Oberfl\u00e4chenbelastung (W\/cm2) auf niedrigem Niveau zu halten und das Medium schonend zu erw\u00e4rmen. Wenn ihr Medium eine h\u00f6here Oberfl\u00e4chenbelastung erlaubt, sehen Sie sich bitte unsere Serie 4600 WR an.<\/p>\n<ul>\n<li><a title=\"ERH 4600 RF (oil\/emulsion)\" href=\"https:\/\/wartung.elwa.fp-server.com\/de\/flowheater\/4600-oe-durchlauferhitzer-oel\/\">4600 RF :\u00a0 max 10 bar \/ from 3 to 228 kW<\/a><\/li>\n<li><a title=\"ERH 4600 RF (oil\/emulsion)\" href=\"https:\/\/wartung.elwa.fp-server.com\/de\/flowheater\/4600-oe-durchlauferhitzer-oel\/\">4600 MT :\u00a0 max 16 bar \/ from 3 to 228 kW<\/a><\/li>\n<li><a title=\"ERH 4600 WR (water\/emulsion)\" href=\"https:\/\/wartung.elwa.fp-server.com\/de\/flowheater\/4600-w-durchlauferhitzer-wasser\/\">4600 WR :\u00a0 max\u00a0 6 bar \/ from 3 to 427 kW<\/a><\/li>\n<\/ul>\n<p>[\/vc_column_text][\/vc_tta_section][vc_tta_section title=&#8220;Meerwasser &amp; Bilgenwasser&#8220; tab_id=&#8220;1517226357420-bbba5cda-9910&#8243;][vc_column_text]Wenn Sie Meerwasser oder Bilgewasser erw\u00e4rmen wollen, sind unsere Erhitzer der Serie 4600 SE die perfekte Wahl. Die Heizk\u00f6rper k\u00f6nnen einzeln ausgewechselt werden und machen die Erhitzer somit zu einer zukunftssicheren Investition mit einem niedrigen TCO. Diese Vorw\u00e4rmer sind auch Bestandteil unsere KVE Vorw\u00e4rmaggregate, die mit Schaltschrank und Pumpe komplette Vorw\u00e4rmeinheiten bilden<\/p>\n<ul>\n<li><a title=\"ERH 4600 WR (water\/emulsion)\" href=\"https:\/\/wartung.elwa.fp-server.com\/de\/flowheater\/4600-w-durchlauferhitzer-wasser\/\">4600 SE :\u00a0 max\u00a0 16 bar \/ from 3 to 120 kW<\/a><\/li>\n<\/ul>\n<p>[\/vc_column_text][\/vc_tta_section][\/vc_tta_tabs][\/vc_column][\/vc_row][vc_row][vc_column][vc_tta_tabs active_section=&#8220;1&#8243; title=&#8220;quick type guide&#8220;][vc_tta_section title=&#8220;4600 RF&#8220; tab_id=&#8220;1517047496953-1229e42b-a305&#8243;][vc_row_inner css=&#8220;.vc_custom_1517075168864{background-color: #ffffff !important;}&#8220;][vc_column_inner width=&#8220;1\/2&#8243;][vc_column_text]Die Erhitzer der Serie 4600 RF sind leistungsf\u00e4hige Ger\u00e4te f\u00fcr Betriebsdr\u00fccke von bis zu 10 bar und sensible Medien wie \u00d6le (Schmier\u00f6l \/ Kraftstoffe). Die Ger\u00e4te k\u00f6nnen in Stahl oder Edelstahl produziert werden.<\/p>\n<p>MERKMALE &amp; TECHNISCHE DATEN<\/p>\n<ul>\n<li>Heizelmente einzeln wechselbar<\/li>\n<li>Leistungsbereich 3 &#8230; 228 kW<\/li>\n<li>Boden \/ Wandmontage (jeweils horizontal oder vertikal)<\/li>\n<li>Oberfl\u00e4chenbelastung 0,8 &#8230; 1,4 W\/cm2<\/li>\n<li>Hydraulische Anschl\u00fcsse nahezu frei positionierbar<\/li>\n<li>Perfekt zur Erw\u00e4rmung von Schmier\u00f6l \/ Schwer\u00f6l \/ Gas\u00f6l \/ Emulsionen<\/li>\n<\/ul>\n<h4><strong><a title=\"ERH 4600 RF (oil\/emulsion)\" href=\"https:\/\/wartung.elwa.fp-server.com\/de\/flowheater\/4600-oe-durchlauferhitzer-oel\/\">GoTo heater <\/a><\/strong><\/h4>\n<p>[\/vc_column_text][\/vc_column_inner][vc_column_inner width=&#8220;1\/2&#8243;][vc_column_text css_animation=&#8220;none&#8220;]<a href=\"https:\/\/wartung.elwa.fp-server.com\/flowheater\/4600-oe-flow-heater-oil\/\"><img loading=\"lazy\" decoding=\"async\" class=\"wp-image-723 size-medium aligncenter\" src=\"https:\/\/wartung.elwa.fp-server.com\/wp-content\/uploads\/2013\/03\/4600-series-200x300.jpg\" alt=\"ELWA flow heater 4600 WR series\" width=\"200\" height=\"300\" srcset=\"https:\/\/wartung.elwa.fp-server.com\/wp-content\/uploads\/2013\/03\/4600-series-200x300.jpg 200w, https:\/\/wartung.elwa.fp-server.com\/wp-content\/uploads\/2013\/03\/4600-series.jpg 401w\" sizes=\"(max-width: 200px) 100vw, 200px\" \/><\/a>[\/vc_column_text][\/vc_column_inner][\/vc_row_inner][\/vc_tta_section][vc_tta_section title=&#8220;4600 WR&#8220; tab_id=&#8220;1517047496990-d183190b-1c8f&#8220;][vc_row_inner css=&#8220;.vc_custom_1517073839096{background-color: #ffffff !important;}&#8220;][vc_column_inner width=&#8220;1\/2&#8243;][vc_column_text]Die Erhitzer der Serie 4600 WR sind leistungsf\u00e4hige Ger\u00e4te f\u00fcr Betriebsdr\u00fccke von bis zu 16 bar und w\u00e4ssrige Medien (Die Heizelemente sind einzeln ohne Spezialwerkzeug auswechselbar). Die Ger\u00e4te k\u00f6nnen in Stahl oder Edelstahl produziert werden.<\/p>\n<p>&nbsp;<\/p>\n<p>MERKMALE &amp; TECHNISCHE DATEN<\/p>\n<ul>\n<li>Heizelmente einzeln wechselbar<\/li>\n<li>Leistungsbereich 6 &#8230; 428 kW<\/li>\n<li>Boden \/ Wandmontage (jeweils horizontal oder vertikal)<\/li>\n<li>Oberfl\u00e4chenbelastung 6,5 W\/cm2<\/li>\n<li>Hydraulische Anschl\u00fcsse nahezu frei positionierbar<\/li>\n<li>Perfekt zur Erw\u00e4rmung von Wasser, Emulsionen oder \u00e4hnlicher Medien<\/li>\n<\/ul>\n<h4><strong><a title=\"ERH 4600 WR (water\/emulsion)\" href=\"https:\/\/wartung.elwa.fp-server.com\/de\/flowheater\/4600-w-durchlauferhitzer-wasser\/\">GoTo heater <\/a><\/strong><\/h4>\n<p>[\/vc_column_text][\/vc_column_inner][vc_column_inner width=&#8220;1\/2&#8243; css=&#8220;.vc_custom_1517075374151{background-color: #ffffff !important;}&#8220;][vc_column_text]<a href=\"https:\/\/wartung.elwa.fp-server.com\/wp-content\/uploads\/2013\/03\/4600-series.jpg\"><img loading=\"lazy\" decoding=\"async\" class=\"size-medium wp-image-869 aligncenter\" src=\"https:\/\/wartung.elwa.fp-server.com\/wp-content\/uploads\/2013\/03\/4600-series-200x300.jpg\" alt=\"ELWA Serie 4600 WR\" width=\"200\" height=\"300\" srcset=\"https:\/\/wartung.elwa.fp-server.com\/wp-content\/uploads\/2013\/03\/4600-series-200x300.jpg 200w, https:\/\/wartung.elwa.fp-server.com\/wp-content\/uploads\/2013\/03\/4600-series.jpg 401w\" sizes=\"(max-width: 200px) 100vw, 200px\" \/><\/a>[\/vc_column_text][\/vc_column_inner][\/vc_row_inner][\/vc_tta_section][vc_tta_section title=&#8220;4600 MT&#8220; tab_id=&#8220;1517047641846-77749eb8-9da3&#8243;][vc_row_inner css=&#8220;.vc_custom_1517224507503{background-color: #ffffff !important;}&#8220;][vc_column_inner width=&#8220;1\/2&#8243;][vc_column_text]Die Erhitzer der Serie 4600 MT sind leistungsf\u00e4hige Ger\u00e4te f\u00fcr Betriebsdr\u00fccke von bis zu 16 bar. Die Heizelemente sind einzeln ohne Entleeren des Druckbeh\u00e4lter auswechselbar. Die Oberfl\u00e4chenbelastung kann exakt auf die Anwendung abgestimmt werden. Die Ger\u00e4te k\u00f6nnen in Stahl oder Edelstahl produziert werden.[\/vc_column_text][\/vc_column_inner][vc_column_inner width=&#8220;1\/2&#8243;][vc_column_text]<a href=\"https:\/\/wartung.elwa.fp-server.com\/wp-content\/uploads\/2013\/09\/4636-links.jpg\"><img loading=\"lazy\" decoding=\"async\" class=\"size-medium wp-image-649 aligncenter\" src=\"https:\/\/wartung.elwa.fp-server.com\/wp-content\/uploads\/2013\/09\/4636-links-151x300.jpg\" alt=\"ELWA Serie 4636\" width=\"151\" height=\"300\" srcset=\"https:\/\/wartung.elwa.fp-server.com\/wp-content\/uploads\/2013\/09\/4636-links-151x300.jpg 151w, https:\/\/wartung.elwa.fp-server.com\/wp-content\/uploads\/2013\/09\/4636-links.jpg 455w\" sizes=\"(max-width: 151px) 100vw, 151px\" \/><\/a>[\/vc_column_text][\/vc_column_inner][\/vc_row_inner][\/vc_tta_section][\/vc_tta_tabs][\/vc_column][\/vc_row][vc_row][vc_column][vc_column_text]<\/p>\n<p>[\/vc_column_text][\/vc_column][\/vc_row][vc_row el_id=&#8220;0815&#8243;][vc_column css=&#8220;.vc_custom_1517833527347{background-color: #0062a2 !important;}&#8220; el_id=&#8220;0815&#8243;][vc_column_text]<\/p>\n<p>&nbsp;<\/p>\n<h2 style=\"text-align: center;\"><span style=\"color: #ffffff;\">Unser Service<\/span><\/h2>\n<p><span lang=\"de\" style=\"color: #ffffff;\">Wir produzieren nicht nur extrem zuverl\u00e4ssige Erhitzer. Wir bieten unseren Kunden eine breite Palette an unterst\u00fctzenden Service-Dienstleistungen an:<\/span>[\/vc_column_text][vc_tta_tabs][vc_tta_section title=&#8220;Beratung&#8220; tab_id=&#8220;consulting&#8220;][vc_row_inner][vc_column_inner width=&#8220;1\/2&#8243;][vc_column_text]Wir verstehen Ihre Anwendungen und beraten Sie gern um eine optimale Integration unserer Produkte in Ihren Prozess sicherzustellen. Bitte machen Sie Gebrauch von unserer technische Expertise.[\/vc_column_text][\/vc_column_inner][vc_column_inner width=&#8220;1\/2&#8243;][vc_column_text]<a href=\"https:\/\/wartung.elwa.fp-server.com\/de\/kontakt\/\"><img loading=\"lazy\" decoding=\"async\" class=\"aligncenter wp-image-3295\" src=\"https:\/\/wartung.elwa.fp-server.com\/wp-content\/uploads\/2018\/04\/Icons_Neu-Web2-Beratung.png\" alt=\"ELWA Icon f\u00fcr den Bereich Beratung\" width=\"100\" height=\"100\" \/><\/a>[\/vc_column_text][\/vc_column_inner][\/vc_row_inner][\/vc_tta_section][vc_tta_section title=&#8220;Inbetriebnahme&#8220; tab_id=&#8220;service&#8220;][vc_row_inner][vc_column_inner width=&#8220;1\/2&#8243;][vc_column_text]Wenn Sie vor Ort Unterst\u00fctzung ben\u00f6tigen, um Ihre Anlage so schnell wie m\u00f6glich wieder in Betrieb nehmen zu k\u00f6nnen, senden wir Ihnen geschultes Personal oder koordinieren den Support \u00fcber einen unsere zertifizierten Partner.[\/vc_column_text][\/vc_column_inner][vc_column_inner width=&#8220;1\/2&#8243;][vc_column_text]<a href=\"https:\/\/wartung.elwa.fp-server.com\/de\/kontaktformular\/\"><img loading=\"lazy\" decoding=\"async\" class=\"aligncenter wp-image-3298\" src=\"https:\/\/wartung.elwa.fp-server.com\/wp-content\/uploads\/2013\/03\/Icons_Neu-Web2-Service.png\" alt=\"ELWA Icon f\u00fcr den Bereich Service\" width=\"100\" height=\"100\" \/><\/a>[\/vc_column_text][\/vc_column_inner][\/vc_row_inner][\/vc_tta_section][vc_tta_section title=&#8220;Wartung&#8220; tab_id=&#8220;1523955951252-76482bcf-67fa&#8220;][vc_row_inner][vc_column_inner width=&#8220;1\/2&#8243;][vc_column_text]F\u00fcr Anlagen in der DACH Region bieten wir Wartungsvertr\u00e4ge an.[\/vc_column_text][\/vc_column_inner][vc_column_inner width=&#8220;1\/2&#8243;][vc_column_text]<a href=\"https:\/\/wartung.elwa.fp-server.com\/de\/kontaktformular\/\"><img loading=\"lazy\" decoding=\"async\" class=\"aligncenter wp-image-3300\" src=\"https:\/\/wartung.elwa.fp-server.com\/wp-content\/uploads\/2013\/03\/Icons_Neu-Web2-Service-contracts.png\" alt=\"ELWA Icon f\u00fcr den Bereich Wartungsvertr\u00e4ge\" width=\"100\" height=\"100\" \/><\/a>[\/vc_column_text][\/vc_column_inner][\/vc_row_inner][\/vc_tta_section][vc_tta_section title=&#8220;Ersatzteile&#8220; tab_id=&#8220;1523956065298-964fb082-b2bd&#8220;][vc_row_inner][vc_column_inner width=&#8220;1\/2&#8243;][vc_column_text]Wir haben die wichtigsten Ersatzteile immer auf Lager oder k\u00f6nnen sie kurzfristig produzieren oder beschaffen. [\/vc_column_text][\/vc_column_inner][vc_column_inner width=&#8220;1\/2&#8243;][vc_column_text]<a href=\"https:\/\/wartung.elwa.fp-server.com\/de\/ersatzteilanfrage\/\"><img loading=\"lazy\" decoding=\"async\" class=\"aligncenter wp-image-3302\" src=\"https:\/\/wartung.elwa.fp-server.com\/wp-content\/uploads\/2013\/03\/Icons_Neu-Web2-Service-Ersatzteile.png\" alt=\"ELWA Icon f\u00fcr den Bereich Ersatzteile\" width=\"100\" height=\"100\" \/><\/a>[\/vc_column_text][\/vc_column_inner][\/vc_row_inner][\/vc_tta_section][vc_tta_section title=&#8220;Konstruktion &amp; Produktion&#8220; tab_id=&#8220;1523956265180-81634ef6-2623&#8243;][vc_row_inner][vc_column_inner width=&#8220;1\/2&#8243;][vc_column_text]Wir produzieren effizient zu niedrigen Kosten zuverl\u00e4ssige und kundenspezifische L\u00f6sungen.[\/vc_column_text][\/vc_column_inner][vc_column_inner width=&#8220;1\/2&#8243;][vc_column_text]<a href=\"https:\/\/wartung.elwa.fp-server.com\/de\/services\/#konstruktion\"><img loading=\"lazy\" decoding=\"async\" class=\"aligncenter wp-image-3308\" src=\"https:\/\/wartung.elwa.fp-server.com\/wp-content\/uploads\/2013\/03\/Icons_Neu-Web2-Service-design-production-1-300x131.png\" alt=\"\" width=\"228\" height=\"100\" \/><\/a>[\/vc_column_text][\/vc_column_inner][\/vc_row_inner][\/vc_tta_section][\/vc_tta_tabs][\/vc_column][\/vc_row][vc_row][vc_column][vc_column_text]<\/p>\n<p>[\/vc_column_text][\/vc_column][\/vc_row]<\/p>\n<\/div>","protected":false},"excerpt":{"rendered":"<p>[vc_row][vc_column][vc_row_inner][vc_column_inner width=&#8220;1\/2&#8243;][vc_column_text]ELWA fertigt verschiedene elektrische Durchlauferhitzer. Alle Produkte erf\u00fcllen h\u00f6chste Qualit\u00e4tsanspr\u00fcche und sind so konstruiert, dass sie perfekt f\u00fcr den vorgesehenen Einsatzzweck angepasst werden k\u00f6nnen. Betriebsspannung, spezifische Oberfl\u00e4chenbelastung, Material von Druckbeh\u00e4lter und Heizk\u00f6rpern sowie Position und Nennweite der Anschlussflansche \u2026 es gibt nahezu keine Grenzen um unsere Vorw\u00e4rmer optimal f\u00fcr die Anwendungen unserer Kunden zu adaptieren. Um Sie zu dem Produkt zu f\u00fchren, welches am besten f\u00fcr Ihre Anwendung geeignet ist, benutzen Sie bitte den nachfolgenden Medien-\/Anwendungsguide &#8230; oder scrollen Sie weiter nach unten zum quick type guide, wenn Sie sich einen schnellen \u00dcberblick \u00fcber die verf\u00fcgbaren Typen machen wollen&#8230;. <a class=\"read-more product-link\" title=\"Durchlauferhitzer\" href=\"https:\/\/wartung.elwa.fp-server.com\/de\/durchlauferhitzer\/\">Mehr Informationen<\/a><\/p>\n","protected":false},"author":1,"featured_media":0,"parent":0,"menu_order":0,"comment_status":"closed","ping_status":"closed","template":"targetgroup.php","meta":{"_acf_changed":false,"inline_featured_image":false,"footnotes":""},"acf":[],"_links":{"self":[{"href":"https:\/\/wartung.elwa.fp-server.com\/de\/wp-json\/wp\/v2\/pages\/289"}],"collection":[{"href":"https:\/\/wartung.elwa.fp-server.com\/de\/wp-json\/wp\/v2\/pages"}],"about":[{"href":"https:\/\/wartung.elwa.fp-server.com\/de\/wp-json\/wp\/v2\/types\/page"}],"author":[{"embeddable":true,"href":"https:\/\/wartung.elwa.fp-server.com\/de\/wp-json\/wp\/v2\/users\/1"}],"replies":[{"embeddable":true,"href":"https:\/\/wartung.elwa.fp-server.com\/de\/wp-json\/wp\/v2\/comments?post=289"}],"version-history":[{"count":10,"href":"https:\/\/wartung.elwa.fp-server.com\/de\/wp-json\/wp\/v2\/pages\/289\/revisions"}],"predecessor-version":[{"id":3647,"href":"https:\/\/wartung.elwa.fp-server.com\/de\/wp-json\/wp\/v2\/pages\/289\/revisions\/3647"}],"wp:attachment":[{"href":"https:\/\/wartung.elwa.fp-server.com\/de\/wp-json\/wp\/v2\/media?parent=289"}],"curies":[{"name":"wp","href":"https:\/\/api.w.org\/{rel}","templated":true}]}}