{"id":294,"date":"2014-01-05T15:53:25","date_gmt":"2014-01-05T15:53:25","guid":{"rendered":"https:\/\/www.elwa.com\/?page_id=294"},"modified":"2018-09-27T10:12:52","modified_gmt":"2018-09-27T10:12:52","slug":"tankheizungen","status":"publish","type":"page","link":"https:\/\/wartung.elwa.fp-server.com\/de\/tankheizungen\/","title":{"rendered":"Tankheizungen"},"content":{"rendered":"<div class=\"wpb-content-wrapper\"><p>[vc_row][vc_column][vc_column_text]Basierend of den normalen Durchlauferhitzern fertigt ELWA elektrische Heizeins\u00e4tze mit oder ohne Ansaugstutzen. Die Heizeins\u00e4tze bieten die gleichen einzigartigen Konstruktionsmerkmale wie unsere Standard Vorw\u00e4rmer. Dank anpassbarer, spezifischer Oberfl\u00e4chenbelastung und kompaktem Design sind sie perfekt geeignet um die Temperaturen im Tank auf dem vorgegebenen Niveau zu halten.<\/p>\n<div class=\"productlist\"><div class=\"product\"><div class=\"product-img\"><a href=\"https:\/\/wartung.elwa.fp-server.com\/de\/tankheater\/800-tankheizungen\/\" title=\"Heizeinsatz ERH 800 WR \/ 400 WR\" ><img loading=\"lazy\" decoding=\"async\" width=\"300\" height=\"231\" src=\"https:\/\/wartung.elwa.fp-server.com\/wp-content\/uploads\/2018\/03\/800-WR-300x231.jpg\" class=\"attachment-medium size-medium wp-post-image\" alt=\"ELWA Heizeinsatz ERH 800 WR\" srcset=\"https:\/\/wartung.elwa.fp-server.com\/wp-content\/uploads\/2018\/03\/800-WR-300x231.jpg 300w, https:\/\/wartung.elwa.fp-server.com\/wp-content\/uploads\/2018\/03\/800-WR-768x592.jpg 768w, https:\/\/wartung.elwa.fp-server.com\/wp-content\/uploads\/2018\/03\/800-WR-624x481.jpg 624w, https:\/\/wartung.elwa.fp-server.com\/wp-content\/uploads\/2018\/03\/800-WR.jpg 889w\" sizes=\"(max-width: 300px) 100vw, 300px\" \/><\/a><\/div><div class=\"product-content\"><h2 class=\"product-title\"><a class=\"tocat\" href=\"https:\/\/wartung.elwa.fp-server.com\/de\/tankheater\/800-tankheizungen\/\">Heizeinsatz ERH 800 WR \/ 400 WR<\/a><\/h2><p>Die ELWA Tankheizungen der 800 Serie werden eingesetzt um Emulsionen und \u00d6le auf vorgegebene Entnahmetemperaturen zu bringen. Medien: \u00d6l, Emulsion \/ Leistung (max): 300 kW \/ Temp (max): 150\u00b0C \/ Druck (max): 10 bar<\/p><\/div><\/div><span class=\"product-shadow\"><\/span><div class=\"product\"><div class=\"product-img\"><a href=\"https:\/\/wartung.elwa.fp-server.com\/de\/tankheater\/erh-800-rf\/\" title=\"Heizeinsatz ERH 800 RF \/ 400 RF\" ><img loading=\"lazy\" decoding=\"async\" width=\"300\" height=\"218\" src=\"https:\/\/wartung.elwa.fp-server.com\/wp-content\/uploads\/2016\/06\/ELWA_Datenblatt_ERH800_RF_dt_05-300x218.jpg\" class=\"attachment-medium size-medium wp-post-image\" alt=\"ELWA Serie ERH800 RF\" srcset=\"https:\/\/wartung.elwa.fp-server.com\/wp-content\/uploads\/2016\/06\/ELWA_Datenblatt_ERH800_RF_dt_05-300x218.jpg 300w, https:\/\/wartung.elwa.fp-server.com\/wp-content\/uploads\/2016\/06\/ELWA_Datenblatt_ERH800_RF_dt_05.jpg 494w\" sizes=\"(max-width: 300px) 100vw, 300px\" \/><\/a><\/div><div class=\"product-content\"><h2 class=\"product-title\"><a class=\"tocat\" href=\"https:\/\/wartung.elwa.fp-server.com\/de\/tankheater\/erh-800-rf\/\">Heizeinsatz ERH 800 RF \/ 400 RF<\/a><\/h2><p>Die Heizeins\u00e4tze der Serie 800 RF verf\u00fcgen \u00fcber Konstruktionsmerkmale, die sie zu den \u00fcberlegenen Ger\u00e4ten auf dem Markt machen. Die hohe Variabilit\u00e4t des Designs erlaubt eine optimale Adaption an die Prozessbedingungen. Besser k\u00f6nnen Tanks nicht elektrisch beheizt werden.<\/p><\/div><\/div><span class=\"product-shadow\"><\/span><\/div>\n<p>[\/vc_column_text][\/vc_column][\/vc_row][vc_row el_id=&#8220;0815&#8243;][vc_column css=&#8220;.vc_custom_1517833527347{background-color: #0062a2 !important;}&#8220; el_id=&#8220;0815&#8243;][vc_column_text]<\/p>\n<p>&nbsp;<\/p>\n<h2 style=\"text-align: center;\"><span style=\"color: #ffffff;\">Unser Service<\/span><\/h2>\n<p><span lang=\"de\" style=\"color: #ffffff;\">Wir produzieren nicht nur extrem zuverl\u00e4ssige Erhitzer. Wir bieten unseren Kunden eine breite Palette an unterst\u00fctzenden Service-Dienstleistungen an:<\/span>[\/vc_column_text][vc_tta_tabs][vc_tta_section title=&#8220;Beratung&#8220; tab_id=&#8220;consulting&#8220;][vc_row_inner][vc_column_inner width=&#8220;1\/2&#8243;][vc_column_text]Wir verstehen Ihre Anwendungen und beraten Sie gern um eine optimale Integration unserer Produkte in Ihren Prozess sicherzustellen. Bitte machen Sie Gebrauch von unserer technische Expertise.[\/vc_column_text][\/vc_column_inner][vc_column_inner width=&#8220;1\/2&#8243;][vc_column_text]<a href=\"https:\/\/wartung.elwa.fp-server.com\/de\/kontakt\/\"><img loading=\"lazy\" decoding=\"async\" class=\"aligncenter wp-image-3295\" src=\"https:\/\/wartung.elwa.fp-server.com\/wp-content\/uploads\/2018\/04\/Icons_Neu-Web2-Beratung.png\" alt=\"ELWA Icon f\u00fcr den Bereich Beratung\" width=\"100\" height=\"100\" \/><\/a>[\/vc_column_text][\/vc_column_inner][\/vc_row_inner][\/vc_tta_section][vc_tta_section title=&#8220;Inbetriebnahme&#8220; tab_id=&#8220;service&#8220;][vc_row_inner][vc_column_inner width=&#8220;1\/2&#8243;][vc_column_text]Wenn Sie vor Ort Unterst\u00fctzung ben\u00f6tigen, um Ihre Anlage so schnell wie m\u00f6glich wieder in Betrieb nehmen zu k\u00f6nnen, senden wir Ihnen geschultes Personal oder koordinieren den Support \u00fcber einen unsere zertifizierten Partner.[\/vc_column_text][\/vc_column_inner][vc_column_inner width=&#8220;1\/2&#8243;][vc_column_text]<a href=\"https:\/\/wartung.elwa.fp-server.com\/de\/kontaktformular\/\"><img loading=\"lazy\" decoding=\"async\" class=\"aligncenter wp-image-3298\" src=\"https:\/\/wartung.elwa.fp-server.com\/wp-content\/uploads\/2013\/03\/Icons_Neu-Web2-Service.png\" alt=\"ELWA Icon f\u00fcr den Bereich Service\" width=\"100\" height=\"100\" \/><\/a>[\/vc_column_text][\/vc_column_inner][\/vc_row_inner][\/vc_tta_section][vc_tta_section title=&#8220;Wartung&#8220; tab_id=&#8220;1523955951252-76482bcf-67fa&#8220;][vc_row_inner][vc_column_inner width=&#8220;1\/2&#8243;][vc_column_text]F\u00fcr Anlagen in der DACH Region bieten wir Wartungsvertr\u00e4ge an.[\/vc_column_text][\/vc_column_inner][vc_column_inner width=&#8220;1\/2&#8243;][vc_column_text]<a href=\"https:\/\/wartung.elwa.fp-server.com\/de\/kontaktformular\/\"><img loading=\"lazy\" decoding=\"async\" class=\"aligncenter wp-image-3300\" src=\"https:\/\/wartung.elwa.fp-server.com\/wp-content\/uploads\/2013\/03\/Icons_Neu-Web2-Service-contracts.png\" alt=\"ELWA Icon f\u00fcr den Bereich Wartungsvertr\u00e4ge\" width=\"100\" height=\"100\" \/><\/a>[\/vc_column_text][\/vc_column_inner][\/vc_row_inner][\/vc_tta_section][vc_tta_section title=&#8220;Ersatzteile&#8220; tab_id=&#8220;1523956065298-964fb082-b2bd&#8220;][vc_row_inner][vc_column_inner width=&#8220;1\/2&#8243;][vc_column_text]Wir haben die wichtigsten Ersatzteile immer auf Lager oder k\u00f6nnen sie kurzfristig produzieren oder beschaffen. [\/vc_column_text][\/vc_column_inner][vc_column_inner width=&#8220;1\/2&#8243;][vc_column_text]<a href=\"https:\/\/wartung.elwa.fp-server.com\/de\/ersatzteilanfrage\/\"><img loading=\"lazy\" decoding=\"async\" class=\"aligncenter wp-image-3302\" src=\"https:\/\/wartung.elwa.fp-server.com\/wp-content\/uploads\/2013\/03\/Icons_Neu-Web2-Service-Ersatzteile.png\" alt=\"ELWA Icon f\u00fcr den Bereich Ersatzteile\" width=\"100\" height=\"100\" \/><\/a>[\/vc_column_text][\/vc_column_inner][\/vc_row_inner][\/vc_tta_section][vc_tta_section title=&#8220;Konstruktion &amp; Produktion&#8220; tab_id=&#8220;1523956265180-81634ef6-2623&#8243;][vc_row_inner][vc_column_inner width=&#8220;1\/2&#8243;][vc_column_text]Wir produzieren effizient zu niedrigen Kosten zuverl\u00e4ssige und kundenspezifische L\u00f6sungen.[\/vc_column_text][\/vc_column_inner][vc_column_inner width=&#8220;1\/2&#8243;][vc_column_text]<a href=\"https:\/\/wartung.elwa.fp-server.com\/de\/services\/#konstruktion\"><img loading=\"lazy\" decoding=\"async\" class=\"aligncenter wp-image-3308\" src=\"https:\/\/wartung.elwa.fp-server.com\/wp-content\/uploads\/2013\/03\/Icons_Neu-Web2-Service-design-production-1-300x131.png\" alt=\"\" width=\"228\" height=\"100\" \/><\/a>[\/vc_column_text][\/vc_column_inner][\/vc_row_inner][\/vc_tta_section][\/vc_tta_tabs][\/vc_column][\/vc_row][vc_row][vc_column][vc_column_text]<\/p>\n<p>[\/vc_column_text][\/vc_column][\/vc_row][vc_row][vc_column][vc_column_text]<\/p>\n<p>[\/vc_column_text][\/vc_column][\/vc_row]<\/p>\n<\/div>","protected":false},"excerpt":{"rendered":"<p>[vc_row][vc_column][vc_column_text]Basierend of den normalen Durchlauferhitzern fertigt ELWA elektrische Heizeins\u00e4tze mit oder ohne Ansaugstutzen. Die Heizeins\u00e4tze bieten die gleichen einzigartigen Konstruktionsmerkmale wie unsere Standard Vorw\u00e4rmer. Dank anpassbarer, spezifischer Oberfl\u00e4chenbelastung und kompaktem Design sind sie perfekt geeignet um die Temperaturen im Tank auf dem vorgegebenen Niveau zu halten. [\/vc_column_text][\/vc_column][\/vc_row][vc_row el_id=&#8220;0815&#8243;][vc_column css=&#8220;.vc_custom_1517833527347{background-color: #0062a2 !important;}&#8220; el_id=&#8220;0815&#8243;][vc_column_text] &nbsp; Unser Service Wir produzieren nicht nur extrem zuverl\u00e4ssige Erhitzer. Wir bieten unseren Kunden eine breite Palette an unterst\u00fctzenden Service-Dienstleistungen an:[\/vc_column_text][vc_tta_tabs][vc_tta_section title=&#8220;Beratung&#8220; tab_id=&#8220;consulting&#8220;][vc_row_inner][vc_column_inner width=&#8220;1\/2&#8243;][vc_column_text]Wir verstehen Ihre Anwendungen und beraten Sie gern um eine optimale Integration unserer Produkte in Ihren Prozess sicherzustellen. Bitte machen Sie Gebrauch von unserer technische&#8230; <a class=\"read-more product-link\" title=\"Heizeinsatz ERH 800 RF \/ 400 RF\" href=\"https:\/\/wartung.elwa.fp-server.com\/de\/tankheater\/erh-800-rf\/\">Mehr Informationen<\/a><\/p>\n","protected":false},"author":1,"featured_media":0,"parent":0,"menu_order":0,"comment_status":"closed","ping_status":"closed","template":"targetgroup.php","meta":{"_acf_changed":false,"inline_featured_image":false,"footnotes":""},"acf":[],"_links":{"self":[{"href":"https:\/\/wartung.elwa.fp-server.com\/de\/wp-json\/wp\/v2\/pages\/294"}],"collection":[{"href":"https:\/\/wartung.elwa.fp-server.com\/de\/wp-json\/wp\/v2\/pages"}],"about":[{"href":"https:\/\/wartung.elwa.fp-server.com\/de\/wp-json\/wp\/v2\/types\/page"}],"author":[{"embeddable":true,"href":"https:\/\/wartung.elwa.fp-server.com\/de\/wp-json\/wp\/v2\/users\/1"}],"replies":[{"embeddable":true,"href":"https:\/\/wartung.elwa.fp-server.com\/de\/wp-json\/wp\/v2\/comments?post=294"}],"version-history":[{"count":11,"href":"https:\/\/wartung.elwa.fp-server.com\/de\/wp-json\/wp\/v2\/pages\/294\/revisions"}],"predecessor-version":[{"id":3648,"href":"https:\/\/wartung.elwa.fp-server.com\/de\/wp-json\/wp\/v2\/pages\/294\/revisions\/3648"}],"wp:attachment":[{"href":"https:\/\/wartung.elwa.fp-server.com\/de\/wp-json\/wp\/v2\/media?parent=294"}],"curies":[{"name":"wp","href":"https:\/\/api.w.org\/{rel}","templated":true}]}}