{"id":317,"date":"2013-04-10T14:47:12","date_gmt":"2013-04-10T14:47:12","guid":{"rendered":"https:\/\/www.elwa.com\/?page_id=317"},"modified":"2018-09-27T10:17:59","modified_gmt":"2018-09-27T10:17:59","slug":"vorwaermaggregate","status":"publish","type":"page","link":"https:\/\/wartung.elwa.fp-server.com\/de\/vorwaermaggregate\/","title":{"rendered":"Vorw\u00e4rmaggregate"},"content":{"rendered":"<div class=\"wpb-content-wrapper\"><p>[vc_row][vc_column][vc_column_text]ELWA produziert auf Basis der unterschiedlichen elektrischen Vorw\u00e4rmer und W\u00e4rmetauscher in Kombination mit Schaltschr\u00e4nken, Pumpen und weiteren Komponenten, betriebsfertige ready-to-run Anlagen f\u00fcr eine Vielzahl an Einsatzm\u00f6glichkeiten. Dieses Produktportfolio wird erg\u00e4nzt durch Druckerh\u00f6hungsanlagen, Schlammf\u00f6rdermodule, PTH power-to-heat Regelenergiesysteme.<br \/>\nWeiterf\u00fchrende Informationen zu den Produkten: siehe nachfolgende Beschreibungen<\/p>\n<div class=\"productlist\"><div class=\"product\"><div class=\"product-img\"><a href=\"https:\/\/wartung.elwa.fp-server.com\/de\/rtr-units\/kve-vorwaermer\/\" title=\"Vorw\u00e4rmaggregate KVE\" ><img loading=\"lazy\" decoding=\"async\" width=\"300\" height=\"200\" src=\"https:\/\/wartung.elwa.fp-server.com\/wp-content\/uploads\/2013\/09\/KVE-27-links-300x200.jpg\" class=\"attachment-medium size-medium wp-post-image\" alt=\"ELWA KVE 27\" srcset=\"https:\/\/wartung.elwa.fp-server.com\/wp-content\/uploads\/2013\/09\/KVE-27-links-300x200.jpg 300w, https:\/\/wartung.elwa.fp-server.com\/wp-content\/uploads\/2013\/09\/KVE-27-links-624x416.jpg 624w, https:\/\/wartung.elwa.fp-server.com\/wp-content\/uploads\/2013\/09\/KVE-27-links.jpg 900w\" sizes=\"(max-width: 300px) 100vw, 300px\" \/><\/a><\/div><div class=\"product-content\"><h2 class=\"product-title\"><a class=\"tocat\" href=\"https:\/\/wartung.elwa.fp-server.com\/de\/rtr-units\/kve-vorwaermer\/\">Vorw\u00e4rmaggregate KVE<\/a><\/h2><p>KVE Vorw\u00e4rmaggregate inklusive Durchlauferhitzer, Pumpe und Schaltschrank. Medien: Wasser, Emulsion \/ Leistung (max): 147 kW \/ Temp (max): 100\u00b0C \/ Druck (max): 10 bar<\/p><\/div><\/div><span class=\"product-shadow\"><\/span><div class=\"product\"><div class=\"product-img\"><a href=\"https:\/\/wartung.elwa.fp-server.com\/de\/rtr-units\/kves-vorwarmer\/\" title=\"Vorw\u00e4rmaggregate KVES\" ><img loading=\"lazy\" decoding=\"async\" width=\"200\" height=\"300\" src=\"https:\/\/wartung.elwa.fp-server.com\/wp-content\/uploads\/2013\/09\/KVES_TPS-M_169-rechts-200x300.jpg\" class=\"attachment-medium size-medium wp-post-image\" alt=\"ELWA KVES_TPS-M_169\" srcset=\"https:\/\/wartung.elwa.fp-server.com\/wp-content\/uploads\/2013\/09\/KVES_TPS-M_169-rechts-200x300.jpg 200w, https:\/\/wartung.elwa.fp-server.com\/wp-content\/uploads\/2013\/09\/KVES_TPS-M_169-rechts.jpg 601w\" sizes=\"(max-width: 200px) 100vw, 200px\" \/><\/a><\/div><div class=\"product-content\"><h2 class=\"product-title\"><a class=\"tocat\" href=\"https:\/\/wartung.elwa.fp-server.com\/de\/rtr-units\/kves-vorwarmer\/\">Vorw\u00e4rmaggregate KVES<\/a><\/h2><p>KVES Vorw\u00e4rmaggregate sind betriebsfertige Ger\u00e4te inklusive Durchlauferhitzer, Schaltschrank und Umw\u00e4lzpumpe. Diese Einheiten k\u00f6nnen im industriellen Umfeld eingesetzt werden, wenn Wasser als W\u00e4rmetr\u00e4ger projektiert wird. Anwendungbeispiele: K\u00fchlwasservorw\u00e4rmung f\u00fcr Gro\u00dfdiesel oder W\u00e4rmquelle f\u00fcr Subsysteme.  Medium: Wasser, Emulsion  \/ Leistung 36 - 427 kW \/ Temp (max): 100\u00b0C \/ Druck (max): 10 bar<\/p><\/div><\/div><span class=\"product-shadow\"><\/span><div class=\"product\"><div class=\"product-img\"><a href=\"https:\/\/wartung.elwa.fp-server.com\/de\/rtr-units\/vorwaermaggregate-kvd\/\" title=\"Vorw\u00e4rmaggregate KVD\" ><img loading=\"lazy\" decoding=\"async\" width=\"300\" height=\"196\" src=\"https:\/\/wartung.elwa.fp-server.com\/wp-content\/uploads\/2017\/03\/KVT-frontal-300x196.jpg\" class=\"attachment-medium size-medium wp-post-image\" alt=\"ELWA Vorw\u00e4rmaggregat KVT\" srcset=\"https:\/\/wartung.elwa.fp-server.com\/wp-content\/uploads\/2017\/03\/KVT-frontal-300x196.jpg 300w, https:\/\/wartung.elwa.fp-server.com\/wp-content\/uploads\/2017\/03\/KVT-frontal-768x502.jpg 768w, https:\/\/wartung.elwa.fp-server.com\/wp-content\/uploads\/2017\/03\/KVT-frontal-624x408.jpg 624w, https:\/\/wartung.elwa.fp-server.com\/wp-content\/uploads\/2017\/03\/KVT-frontal.jpg 900w\" sizes=\"(max-width: 300px) 100vw, 300px\" \/><\/a><\/div><div class=\"product-content\"><h2 class=\"product-title\"><a class=\"tocat\" href=\"https:\/\/wartung.elwa.fp-server.com\/de\/rtr-units\/vorwaermaggregate-kvd\/\">Vorw\u00e4rmaggregate KVD<\/a><\/h2><p>Effiziente Vorw\u00e4rmung mit Dampf: F\u00fcr die KVD Serie verwenden wir hochwertige Rohrb\u00fcndel-W\u00e4rmetauscher. Mit der angebauten Steuerung und der integrierten Pumpe entstehen flexibel konfigurierbare Aggregate, die f\u00fcr viele Einsatzzwecke geeignet sind. \r\nDie verf\u00fcgbaren Heizleistungen reichen von 27 bis 270 kW.<\/p><\/div><\/div><span class=\"product-shadow\"><\/span><div class=\"product\"><div class=\"product-img\"><a href=\"https:\/\/wartung.elwa.fp-server.com\/de\/rtr-units\/vorwaermaggregate-kvt\/\" title=\"Vorw\u00e4rmaggregate KVT\" ><img loading=\"lazy\" decoding=\"async\" width=\"300\" height=\"196\" src=\"https:\/\/wartung.elwa.fp-server.com\/wp-content\/uploads\/2017\/03\/KVT-frontal-300x196.jpg\" class=\"attachment-medium size-medium wp-post-image\" alt=\"ELWA Vorw\u00e4rmaggregat KVT\" srcset=\"https:\/\/wartung.elwa.fp-server.com\/wp-content\/uploads\/2017\/03\/KVT-frontal-300x196.jpg 300w, https:\/\/wartung.elwa.fp-server.com\/wp-content\/uploads\/2017\/03\/KVT-frontal-768x502.jpg 768w, https:\/\/wartung.elwa.fp-server.com\/wp-content\/uploads\/2017\/03\/KVT-frontal-624x408.jpg 624w, https:\/\/wartung.elwa.fp-server.com\/wp-content\/uploads\/2017\/03\/KVT-frontal.jpg 900w\" sizes=\"(max-width: 300px) 100vw, 300px\" \/><\/a><\/div><div class=\"product-content\"><h2 class=\"product-title\"><a class=\"tocat\" href=\"https:\/\/wartung.elwa.fp-server.com\/de\/rtr-units\/vorwaermaggregate-kvt\/\">Vorw\u00e4rmaggregate KVT<\/a><\/h2><p>Effiziente Vorw\u00e4rmung mit Thermal\u00f6l: F\u00fcr die KVT Serie verwenden wir hochwertige Rohrb\u00fcndel-W\u00e4rmetauscher. Mit der angebauten Steuerung und der integrierten Pumpe entstehen flexibel konfigurierbare Aggregate, die f\u00fcr viele Einsatzzwecke geeignet sind. \r\n\r\nDie verf\u00fcgbaren Heizleistungen reichen von 27 bis 270 kW.<\/p><\/div><\/div><span class=\"product-shadow\"><\/span><div class=\"product\"><div class=\"product-img\"><a href=\"https:\/\/wartung.elwa.fp-server.com\/de\/rtr-units\/vorwaermaggregat-kvec\/\" title=\"Vorw\u00e4rmaggregat KVEc\" ><img loading=\"lazy\" decoding=\"async\" width=\"300\" height=\"264\" src=\"https:\/\/wartung.elwa.fp-server.com\/wp-content\/uploads\/2017\/04\/KVEc-300x264.jpg\" class=\"attachment-medium size-medium wp-post-image\" alt=\"Vorw\u00e4rmaggregat ELWA KVEc\" srcset=\"https:\/\/wartung.elwa.fp-server.com\/wp-content\/uploads\/2017\/04\/KVEc-300x264.jpg 300w, https:\/\/wartung.elwa.fp-server.com\/wp-content\/uploads\/2017\/04\/KVEc-768x675.jpg 768w, https:\/\/wartung.elwa.fp-server.com\/wp-content\/uploads\/2017\/04\/KVEc-624x548.jpg 624w, https:\/\/wartung.elwa.fp-server.com\/wp-content\/uploads\/2017\/04\/KVEc.jpg 814w\" sizes=\"(max-width: 300px) 100vw, 300px\" \/><\/a><\/div><div class=\"product-content\"><h2 class=\"product-title\"><a class=\"tocat\" href=\"https:\/\/wartung.elwa.fp-server.com\/de\/rtr-units\/vorwaermaggregat-kvec\/\">Vorw\u00e4rmaggregat KVEc<\/a><\/h2><p>Das ultrakompakte Motorvorw\u00e4rmger\u00e4t KVEc bringt hohe Vorw\u00e4rmleistung auf kleinstem Bauraum. Aufgrund des flexiblen Designs der Heizelemente k\u00f6nnen die Erhitzer f\u00fcr alle Spannungen zwischen 230 V und 690 V ausgelegt werden.<\/p><\/div><\/div><span class=\"product-shadow\"><\/span><div class=\"product\"><div class=\"product-img\"><a href=\"https:\/\/wartung.elwa.fp-server.com\/de\/rtr-units\/pth-power-to-heat\/\" title=\"Power-to-Heat\" ><img loading=\"lazy\" decoding=\"async\" width=\"257\" height=\"300\" src=\"https:\/\/wartung.elwa.fp-server.com\/wp-content\/uploads\/2018\/03\/Elwa-Gera\u0308t_02-257x300.png\" class=\"attachment-medium size-medium wp-post-image\" alt=\"ELWA Power-to-Heat (P2H)\" srcset=\"https:\/\/wartung.elwa.fp-server.com\/wp-content\/uploads\/2018\/03\/Elwa-Gera\u0308t_02-257x300.png 257w, https:\/\/wartung.elwa.fp-server.com\/wp-content\/uploads\/2018\/03\/Elwa-Gera\u0308t_02-768x896.png 768w, https:\/\/wartung.elwa.fp-server.com\/wp-content\/uploads\/2018\/03\/Elwa-Gera\u0308t_02-878x1024.png 878w, https:\/\/wartung.elwa.fp-server.com\/wp-content\/uploads\/2018\/03\/Elwa-Gera\u0308t_02-624x728.png 624w\" sizes=\"(max-width: 257px) 100vw, 257px\" \/><\/a><\/div><div class=\"product-content\"><h2 class=\"product-title\"><a class=\"tocat\" href=\"https:\/\/wartung.elwa.fp-server.com\/de\/rtr-units\/pth-power-to-heat\/\">Power-to-Heat<\/a><\/h2><p>ELWA Power-To Heat Anlagen wurden entwickelt um als hocheffiziente Technologie im Bereich der Sektorenkopplung einen wertvollen Beitrag zur Dekarbonisierung zu leisten. Sie lassen sich perfekt mit W\u00e4rmepumpen, Blockheizkraftwerken, Batteriesystemen und gro\u00dfen thermischen Speichern verbinden.<\/p><\/div><\/div><span class=\"product-shadow\"><\/span><\/div>\n<p>[\/vc_column_text][\/vc_column][\/vc_row][vc_row el_id=&#8220;0815&#8243;][vc_column css=&#8220;.vc_custom_1517833527347{background-color: #0062a2 !important;}&#8220; el_id=&#8220;0815&#8243;][vc_column_text]<\/p>\n<p>&nbsp;<\/p>\n<h2 style=\"text-align: center;\"><span style=\"color: #ffffff;\">Unser Service<\/span><\/h2>\n<p><span lang=\"de\" style=\"color: #ffffff;\">Wir produzieren nicht nur extrem zuverl\u00e4ssige Erhitzer. Wir bieten unseren Kunden eine breite Palette an unterst\u00fctzenden Service-Dienstleistungen an:<\/span>[\/vc_column_text][vc_tta_tabs][vc_tta_section title=&#8220;Beratung&#8220; tab_id=&#8220;consulting&#8220;][vc_row_inner][vc_column_inner width=&#8220;1\/2&#8243;][vc_column_text]Wir verstehen Ihre Anwendungen und beraten Sie gern um eine optimale Integration unserer Produkte in Ihren Prozess sicherzustellen. Bitte machen Sie Gebrauch von unserer technische Expertise.[\/vc_column_text][\/vc_column_inner][vc_column_inner width=&#8220;1\/2&#8243;][vc_column_text]<a href=\"https:\/\/wartung.elwa.fp-server.com\/de\/kontakt\/\"><img loading=\"lazy\" decoding=\"async\" class=\"aligncenter wp-image-3295\" src=\"https:\/\/wartung.elwa.fp-server.com\/wp-content\/uploads\/2018\/04\/Icons_Neu-Web2-Beratung.png\" alt=\"ELWA Icon f\u00fcr den Bereich Beratung\" width=\"100\" height=\"100\" \/><\/a>[\/vc_column_text][\/vc_column_inner][\/vc_row_inner][\/vc_tta_section][vc_tta_section title=&#8220;Inbetriebnahme&#8220; tab_id=&#8220;service&#8220;][vc_row_inner][vc_column_inner width=&#8220;1\/2&#8243;][vc_column_text]Wenn Sie vor Ort Unterst\u00fctzung ben\u00f6tigen, um Ihre Anlage so schnell wie m\u00f6glich wieder in Betrieb nehmen zu k\u00f6nnen, senden wir Ihnen geschultes Personal oder koordinieren den Support \u00fcber einen unsere zertifizierten Partner.[\/vc_column_text][\/vc_column_inner][vc_column_inner width=&#8220;1\/2&#8243;][vc_column_text]<a href=\"https:\/\/wartung.elwa.fp-server.com\/de\/kontaktformular\/\"><img loading=\"lazy\" decoding=\"async\" class=\"aligncenter wp-image-3298\" src=\"https:\/\/wartung.elwa.fp-server.com\/wp-content\/uploads\/2013\/03\/Icons_Neu-Web2-Service.png\" alt=\"ELWA Icon f\u00fcr den Bereich Service\" width=\"100\" height=\"100\" \/><\/a>[\/vc_column_text][\/vc_column_inner][\/vc_row_inner][\/vc_tta_section][vc_tta_section title=&#8220;Wartung&#8220; tab_id=&#8220;1523955951252-76482bcf-67fa&#8220;][vc_row_inner][vc_column_inner width=&#8220;1\/2&#8243;][vc_column_text]F\u00fcr Anlagen in der DACH Region bieten wir Wartungsvertr\u00e4ge an.[\/vc_column_text][\/vc_column_inner][vc_column_inner width=&#8220;1\/2&#8243;][vc_column_text]<a href=\"https:\/\/wartung.elwa.fp-server.com\/de\/kontaktformular\/\"><img loading=\"lazy\" decoding=\"async\" class=\"aligncenter wp-image-3300\" src=\"https:\/\/wartung.elwa.fp-server.com\/wp-content\/uploads\/2013\/03\/Icons_Neu-Web2-Service-contracts.png\" alt=\"ELWA Icon f\u00fcr den Bereich Wartungsvertr\u00e4ge\" width=\"100\" height=\"100\" \/><\/a>[\/vc_column_text][\/vc_column_inner][\/vc_row_inner][\/vc_tta_section][vc_tta_section title=&#8220;Ersatzteile&#8220; tab_id=&#8220;1523956065298-964fb082-b2bd&#8220;][vc_row_inner][vc_column_inner width=&#8220;1\/2&#8243;][vc_column_text]Wir haben die wichtigsten Ersatzteile immer auf Lager oder k\u00f6nnen sie kurzfristig produzieren oder beschaffen. [\/vc_column_text][\/vc_column_inner][vc_column_inner width=&#8220;1\/2&#8243;][vc_column_text]<a href=\"https:\/\/wartung.elwa.fp-server.com\/de\/ersatzteilanfrage\/\"><img loading=\"lazy\" decoding=\"async\" class=\"aligncenter wp-image-3302\" src=\"https:\/\/wartung.elwa.fp-server.com\/wp-content\/uploads\/2013\/03\/Icons_Neu-Web2-Service-Ersatzteile.png\" alt=\"ELWA Icon f\u00fcr den Bereich Ersatzteile\" width=\"100\" height=\"100\" \/><\/a>[\/vc_column_text][\/vc_column_inner][\/vc_row_inner][\/vc_tta_section][vc_tta_section title=&#8220;Konstruktion &amp; Produktion&#8220; tab_id=&#8220;1523956265180-81634ef6-2623&#8243;][vc_row_inner][vc_column_inner width=&#8220;1\/2&#8243;][vc_column_text]Wir produzieren effizient zu niedrigen Kosten zuverl\u00e4ssige und kundenspezifische L\u00f6sungen.[\/vc_column_text][\/vc_column_inner][vc_column_inner width=&#8220;1\/2&#8243;][vc_column_text]<a href=\"https:\/\/wartung.elwa.fp-server.com\/de\/services\/#konstruktion\"><img loading=\"lazy\" decoding=\"async\" class=\"aligncenter wp-image-3308\" src=\"https:\/\/wartung.elwa.fp-server.com\/wp-content\/uploads\/2013\/03\/Icons_Neu-Web2-Service-design-production-1-300x131.png\" alt=\"\" width=\"228\" height=\"100\" \/><\/a>[\/vc_column_text][\/vc_column_inner][\/vc_row_inner][\/vc_tta_section][\/vc_tta_tabs][\/vc_column][\/vc_row][vc_row][\/vc_row][vc_column][\/vc_column][vc_column_text]<\/p>\n<\/div>","protected":false},"excerpt":{"rendered":"<p>[vc_row][vc_column][vc_column_text]ELWA produziert auf Basis der unterschiedlichen elektrischen Vorw\u00e4rmer und W\u00e4rmetauscher in Kombination mit Schaltschr\u00e4nken, Pumpen und weiteren Komponenten, betriebsfertige ready-to-run Anlagen f\u00fcr eine Vielzahl an Einsatzm\u00f6glichkeiten. Dieses Produktportfolio wird erg\u00e4nzt durch Druckerh\u00f6hungsanlagen, Schlammf\u00f6rdermodule, PTH power-to-heat Regelenergiesysteme. Weiterf\u00fchrende Informationen zu den Produkten: siehe nachfolgende Beschreibungen [\/vc_column_text][\/vc_column][\/vc_row][vc_row el_id=&#8220;0815&#8243;][vc_column css=&#8220;.vc_custom_1517833527347{background-color: #0062a2 !important;}&#8220; el_id=&#8220;0815&#8243;][vc_column_text] &nbsp; Unser Service Wir produzieren nicht nur extrem zuverl\u00e4ssige Erhitzer. Wir bieten unseren Kunden eine breite Palette an unterst\u00fctzenden Service-Dienstleistungen an:[\/vc_column_text][vc_tta_tabs][vc_tta_section title=&#8220;Beratung&#8220; tab_id=&#8220;consulting&#8220;][vc_row_inner][vc_column_inner width=&#8220;1\/2&#8243;][vc_column_text]Wir verstehen Ihre Anwendungen und beraten Sie gern um eine optimale Integration unserer Produkte in Ihren Prozess sicherzustellen. Bitte machen Sie Gebrauch von unserer technische Expertise.[\/vc_column_text][\/vc_column_inner][vc_column_inner width=&#8220;1\/2&#8243;][vc_column_text][\/vc_column_text][\/vc_column_inner][\/vc_row_inner][\/vc_tta_section][vc_tta_section&#8230; <a class=\"read-more product-link\" title=\"Power-to-Heat\" href=\"https:\/\/wartung.elwa.fp-server.com\/de\/rtr-units\/pth-power-to-heat\/\">Mehr Informationen<\/a><\/p>\n","protected":false},"author":1,"featured_media":0,"parent":0,"menu_order":0,"comment_status":"closed","ping_status":"closed","template":"targetgroup.php","meta":{"_acf_changed":false,"inline_featured_image":false,"footnotes":""},"acf":[],"_links":{"self":[{"href":"https:\/\/wartung.elwa.fp-server.com\/de\/wp-json\/wp\/v2\/pages\/317"}],"collection":[{"href":"https:\/\/wartung.elwa.fp-server.com\/de\/wp-json\/wp\/v2\/pages"}],"about":[{"href":"https:\/\/wartung.elwa.fp-server.com\/de\/wp-json\/wp\/v2\/types\/page"}],"author":[{"embeddable":true,"href":"https:\/\/wartung.elwa.fp-server.com\/de\/wp-json\/wp\/v2\/users\/1"}],"replies":[{"embeddable":true,"href":"https:\/\/wartung.elwa.fp-server.com\/de\/wp-json\/wp\/v2\/comments?post=317"}],"version-history":[{"count":11,"href":"https:\/\/wartung.elwa.fp-server.com\/de\/wp-json\/wp\/v2\/pages\/317\/revisions"}],"predecessor-version":[{"id":3650,"href":"https:\/\/wartung.elwa.fp-server.com\/de\/wp-json\/wp\/v2\/pages\/317\/revisions\/3650"}],"wp:attachment":[{"href":"https:\/\/wartung.elwa.fp-server.com\/de\/wp-json\/wp\/v2\/media?parent=317"}],"curies":[{"name":"wp","href":"https:\/\/api.w.org\/{rel}","templated":true}]}}