{"id":331,"date":"2013-04-11T07:27:22","date_gmt":"2013-04-11T07:27:22","guid":{"rendered":"https:\/\/www.elwa.com\/?page_id=331"},"modified":"2018-09-11T07:22:43","modified_gmt":"2018-09-11T07:22:43","slug":"schiffbau","status":"publish","type":"page","link":"https:\/\/wartung.elwa.fp-server.com\/de\/schiffbau\/","title":{"rendered":"Schiffbau"},"content":{"rendered":"<p><em>Die Schifffahrt steht vor neuen Herausforderungen. Sicherheits- und Umweltstandards werden angehoben, im Frachtgesch\u00e4ft steigt der Termindruck und in der Passagierschifffahrt wird mehr Komfort erwartet. <\/em><\/p>\n<p><em>Und immer wird ein H\u00f6chstma\u00df an Zuverl\u00e4ssigkeit der technischen Ausr\u00fcstung vorausgesetzt. Denn sichere Technik sch\u00fctzt die maritimen Lebensr\u00e4ume.<\/em><\/p>\n<p>ELWA ist auf den Weltmeeren zu Hause. Ob Supertanker, Cruiseliner, U-Boote oder Containerschiffe \u2013 wir liefern seit \u00fcber 75 Jahren Komponenten f\u00fcr den Schiffbau. Mit Leidenschaft und ohne Kompromisse. Denn wir wissen: nur erstklassige Qualit\u00e4t gew\u00e4hrleistet einen sicheren und profitablen Schiffsbetrieb.<\/p>\n<p><a title=\"Lesen Sie mehr \u00fcber ELWA Produkte im Bereich Schiffbau\" href=\"https:\/\/wartung.elwa.fp-server.com\/de\/schiffbau\/schiffbau-zusaetzliche-infos\/\" target=\"_blank\" rel=\"noopener\">Zus\u00e4tzliche Informationen<\/a><\/p>\n<div class=\"productlist\" id=\"schiffsbau-de\"><div class=\"product\"><div class=\"product-img\"><a href=\"https:\/\/wartung.elwa.fp-server.com\/de\/flowheater\/4600-oe-durchlauferhitzer-oel\/\" title=\"ERH 4600 RF (\u00f6l\/emulsion)\" ><img loading=\"lazy\" decoding=\"async\" width=\"200\" height=\"300\" src=\"https:\/\/wartung.elwa.fp-server.com\/wp-content\/uploads\/2013\/03\/4600-series-200x300.jpg\" class=\"attachment-medium size-medium wp-post-image\" alt=\"ELWA flow heater 4600 WR series\" srcset=\"https:\/\/wartung.elwa.fp-server.com\/wp-content\/uploads\/2013\/03\/4600-series-200x300.jpg 200w, https:\/\/wartung.elwa.fp-server.com\/wp-content\/uploads\/2013\/03\/4600-series.jpg 401w\" sizes=\"(max-width: 200px) 100vw, 200px\" \/><\/a><\/div><div class=\"product-content\"><h2 class=\"product-title\"><a class=\"tocat\" href=\"https:\/\/wartung.elwa.fp-server.com\/de\/flowheater\/4600-oe-durchlauferhitzer-oel\/\">ERH 4600 RF (\u00f6l\/emulsion)<\/a><\/h2><p>Die Erhitzer vom Typ 4600 sind unsere Standard-Erhitzer f\u00fcr nahezu jede denkbare Anwendung. Die Konstruktion mit den auswechselbaren Heizelementen in Schutzrohren bietet die perfekte Kombination einer gro\u00dfen W\u00e4rme\u00fcbertragungsfl\u00e4che mit kleinem umbauten Raum.\r\nMedien:  \u00d6l, Emulsion \/ \r\nLeistung (max): 300 kW \/ \r\nTemp (max) : 150\u00b0C \/ \r\nDruck (max): 10 bar<\/p><\/div><\/div><span class=\"product-shadow\"><\/span><div class=\"product\"><div class=\"product-img\"><a href=\"https:\/\/wartung.elwa.fp-server.com\/de\/flowheater\/roe-erhitzer\/\" title=\"ROE 4600 RF (incl.controls)\" ><img loading=\"lazy\" decoding=\"async\" width=\"151\" height=\"300\" src=\"https:\/\/wartung.elwa.fp-server.com\/wp-content\/uploads\/2013\/09\/4636-links-151x300.jpg\" class=\"attachment-medium size-medium wp-post-image\" alt=\"ELWA Serie 4636\" srcset=\"https:\/\/wartung.elwa.fp-server.com\/wp-content\/uploads\/2013\/09\/4636-links-151x300.jpg 151w, https:\/\/wartung.elwa.fp-server.com\/wp-content\/uploads\/2013\/09\/4636-links.jpg 455w\" sizes=\"(max-width: 151px) 100vw, 151px\" \/><\/a><\/div><div class=\"product-content\"><h2 class=\"product-title\"><a class=\"tocat\" href=\"https:\/\/wartung.elwa.fp-server.com\/de\/flowheater\/roe-erhitzer\/\">ROE 4600 RF (incl.controls)<\/a><\/h2><p>ROE Vorw\u00e4rmaggregate sind betriebsfertige Ger\u00e4te inklusive Durchlauferhitzer und Schaltschrank.  Medien: \u00d6l, Emulsion \/ Leistung (max): 300 kW \/ Temperatur (max): 150\u00b0C \/ Druck(max): 10 bar<\/p><\/div><\/div><span class=\"product-shadow\"><\/span><div class=\"product\"><div class=\"product-img\"><a href=\"https:\/\/wartung.elwa.fp-server.com\/de\/flowheater\/4600-w-durchlauferhitzer-wasser\/\" title=\"ERH 4600 WR (wasser\/emulsion)\" ><img loading=\"lazy\" decoding=\"async\" width=\"200\" height=\"300\" src=\"https:\/\/wartung.elwa.fp-server.com\/wp-content\/uploads\/2013\/03\/4600-series-200x300.jpg\" class=\"attachment-medium size-medium wp-post-image\" alt=\"ELWA flow heater 4600 WR series\" srcset=\"https:\/\/wartung.elwa.fp-server.com\/wp-content\/uploads\/2013\/03\/4600-series-200x300.jpg 200w, https:\/\/wartung.elwa.fp-server.com\/wp-content\/uploads\/2013\/03\/4600-series.jpg 401w\" sizes=\"(max-width: 200px) 100vw, 200px\" \/><\/a><\/div><div class=\"product-content\"><h2 class=\"product-title\"><a class=\"tocat\" href=\"https:\/\/wartung.elwa.fp-server.com\/de\/flowheater\/4600-w-durchlauferhitzer-wasser\/\">ERH 4600 WR (wasser\/emulsion)<\/a><\/h2><p>Die Erhitzer vom Typ 4600 WR sind unsere Standard-Erhitzer f\u00fcr nahezu jede denkbare Anwendung wenn Wasser oder Emulsion erhitzt werden sollen. Medien: Wasser, Emulsion \/ Leistung (max): 1.000 kW \/ Temp (max): 110 \u00b0C \/ Druck (max): 10 bar<\/p><\/div><\/div><span class=\"product-shadow\"><\/span><div class=\"product\"><div class=\"product-img\"><a href=\"https:\/\/wartung.elwa.fp-server.com\/de\/flowheater\/4600-h-durchlauferhitzer-hochdruck\/\" title=\"ERH 4600 H (\u00f6l\/emulsion)\" ><img loading=\"lazy\" decoding=\"async\" width=\"200\" height=\"300\" src=\"https:\/\/wartung.elwa.fp-server.com\/wp-content\/uploads\/2013\/03\/4600-series-200x300.jpg\" class=\"attachment-medium size-medium wp-post-image\" alt=\"ELWA flow heater 4600 WR series\" srcset=\"https:\/\/wartung.elwa.fp-server.com\/wp-content\/uploads\/2013\/03\/4600-series-200x300.jpg 200w, https:\/\/wartung.elwa.fp-server.com\/wp-content\/uploads\/2013\/03\/4600-series.jpg 401w\" sizes=\"(max-width: 200px) 100vw, 200px\" \/><\/a><\/div><div class=\"product-content\"><h2 class=\"product-title\"><a class=\"tocat\" href=\"https:\/\/wartung.elwa.fp-server.com\/de\/flowheater\/4600-h-durchlauferhitzer-hochdruck\/\">ERH 4600 H (\u00f6l\/emulsion)<\/a><\/h2><p>Die Erhitzer vom Typ 4600 H sind unsere Standard-Erhitzer f\u00fcr nahezu jede denkbare Anwendung in Hochdruck-Systemen.<\/p><\/div><\/div><span class=\"product-shadow\"><\/span><div class=\"product\"><div class=\"product-img\"><a href=\"https:\/\/wartung.elwa.fp-server.com\/de\/flowheater\/4700-compact-durchlauferhitzer-oel\/\" title=\"ERH 4700 compact (\u00f6l\/emulsion)\" ><img loading=\"lazy\" decoding=\"async\" width=\"188\" height=\"300\" src=\"https:\/\/wartung.elwa.fp-server.com\/wp-content\/uploads\/2013\/03\/4712-EVO-rechts-188x300.jpg\" class=\"attachment-medium size-medium wp-post-image\" alt=\"ELWA Serie 4712-EVO\" srcset=\"https:\/\/wartung.elwa.fp-server.com\/wp-content\/uploads\/2013\/03\/4712-EVO-rechts-188x300.jpg 188w, https:\/\/wartung.elwa.fp-server.com\/wp-content\/uploads\/2013\/03\/4712-EVO-rechts.jpg 565w\" sizes=\"(max-width: 188px) 100vw, 188px\" \/><\/a><\/div><div class=\"product-content\"><h2 class=\"product-title\"><a class=\"tocat\" href=\"https:\/\/wartung.elwa.fp-server.com\/de\/flowheater\/4700-compact-durchlauferhitzer-oel\/\">ERH 4700 compact (\u00f6l\/emulsion)<\/a><\/h2><p>Die Erhitzer der 4700 Compact Serie sind die perfekte Wahl, wenn es um maximale Leistung auf kleinstem Bauraum geht.\r\nMedien: \u00d6l, Wasser, Emulsion \/ \r\nLeistung (max) : 39 kW \/ \r\nTemperatur (max) : 100\u00b0C \/ \r\nDruck (max) : 6 bar<\/p><\/div><\/div><span class=\"product-shadow\"><\/span><div class=\"product\"><div class=\"product-img\"><a href=\"https:\/\/wartung.elwa.fp-server.com\/de\/tankheater\/800-tankheizungen\/\" title=\"Heizeinsatz ERH 800 WR \/ 400 WR\" ><img loading=\"lazy\" decoding=\"async\" width=\"300\" height=\"231\" src=\"https:\/\/wartung.elwa.fp-server.com\/wp-content\/uploads\/2018\/03\/800-WR-300x231.jpg\" class=\"attachment-medium size-medium wp-post-image\" alt=\"ELWA Heizeinsatz ERH 800 WR\" srcset=\"https:\/\/wartung.elwa.fp-server.com\/wp-content\/uploads\/2018\/03\/800-WR-300x231.jpg 300w, https:\/\/wartung.elwa.fp-server.com\/wp-content\/uploads\/2018\/03\/800-WR-768x592.jpg 768w, https:\/\/wartung.elwa.fp-server.com\/wp-content\/uploads\/2018\/03\/800-WR-624x481.jpg 624w, https:\/\/wartung.elwa.fp-server.com\/wp-content\/uploads\/2018\/03\/800-WR.jpg 889w\" sizes=\"(max-width: 300px) 100vw, 300px\" \/><\/a><\/div><div class=\"product-content\"><h2 class=\"product-title\"><a class=\"tocat\" href=\"https:\/\/wartung.elwa.fp-server.com\/de\/tankheater\/800-tankheizungen\/\">Heizeinsatz ERH 800 WR \/ 400 WR<\/a><\/h2><p>Die ELWA Tankheizungen der 800 Serie werden eingesetzt um Emulsionen und \u00d6le auf vorgegebene Entnahmetemperaturen zu bringen. Medien: \u00d6l, Emulsion \/ Leistung (max): 300 kW \/ Temp (max): 150\u00b0C \/ Druck (max): 10 bar<\/p><\/div><\/div><span class=\"product-shadow\"><\/span><div class=\"product\"><div class=\"product-img\"><a href=\"https:\/\/wartung.elwa.fp-server.com\/de\/rtr-units\/kve-vorwaermer\/\" title=\"Vorw\u00e4rmaggregate KVE\" ><img loading=\"lazy\" decoding=\"async\" width=\"300\" height=\"200\" src=\"https:\/\/wartung.elwa.fp-server.com\/wp-content\/uploads\/2013\/09\/KVE-27-links-300x200.jpg\" class=\"attachment-medium size-medium wp-post-image\" alt=\"ELWA KVE 27\" srcset=\"https:\/\/wartung.elwa.fp-server.com\/wp-content\/uploads\/2013\/09\/KVE-27-links-300x200.jpg 300w, https:\/\/wartung.elwa.fp-server.com\/wp-content\/uploads\/2013\/09\/KVE-27-links-624x416.jpg 624w, https:\/\/wartung.elwa.fp-server.com\/wp-content\/uploads\/2013\/09\/KVE-27-links.jpg 900w\" sizes=\"(max-width: 300px) 100vw, 300px\" \/><\/a><\/div><div class=\"product-content\"><h2 class=\"product-title\"><a class=\"tocat\" href=\"https:\/\/wartung.elwa.fp-server.com\/de\/rtr-units\/kve-vorwaermer\/\">Vorw\u00e4rmaggregate KVE<\/a><\/h2><p>KVE Vorw\u00e4rmaggregate inklusive Durchlauferhitzer, Pumpe und Schaltschrank. Medien: Wasser, Emulsion \/ Leistung (max): 147 kW \/ Temp (max): 100\u00b0C \/ Druck (max): 10 bar<\/p><\/div><\/div><span class=\"product-shadow\"><\/span><div class=\"product\"><div class=\"product-img\"><a href=\"https:\/\/wartung.elwa.fp-server.com\/de\/rtr-units\/kves-vorwarmer\/\" title=\"Vorw\u00e4rmaggregate KVES\" ><img loading=\"lazy\" decoding=\"async\" width=\"200\" height=\"300\" src=\"https:\/\/wartung.elwa.fp-server.com\/wp-content\/uploads\/2013\/09\/KVES_TPS-M_169-rechts-200x300.jpg\" class=\"attachment-medium size-medium wp-post-image\" alt=\"ELWA KVES_TPS-M_169\" srcset=\"https:\/\/wartung.elwa.fp-server.com\/wp-content\/uploads\/2013\/09\/KVES_TPS-M_169-rechts-200x300.jpg 200w, https:\/\/wartung.elwa.fp-server.com\/wp-content\/uploads\/2013\/09\/KVES_TPS-M_169-rechts.jpg 601w\" sizes=\"(max-width: 200px) 100vw, 200px\" \/><\/a><\/div><div class=\"product-content\"><h2 class=\"product-title\"><a class=\"tocat\" href=\"https:\/\/wartung.elwa.fp-server.com\/de\/rtr-units\/kves-vorwarmer\/\">Vorw\u00e4rmaggregate KVES<\/a><\/h2><p>KVES Vorw\u00e4rmaggregate sind betriebsfertige Ger\u00e4te inklusive Durchlauferhitzer, Schaltschrank und Umw\u00e4lzpumpe. Diese Einheiten k\u00f6nnen im industriellen Umfeld eingesetzt werden, wenn Wasser als W\u00e4rmetr\u00e4ger projektiert wird. Anwendungbeispiele: K\u00fchlwasservorw\u00e4rmung f\u00fcr Gro\u00dfdiesel oder W\u00e4rmquelle f\u00fcr Subsysteme.  Medium: Wasser, Emulsion  \/ Leistung 36 - 427 kW \/ Temp (max): 100\u00b0C \/ Druck (max): 10 bar<\/p><\/div><\/div><span class=\"product-shadow\"><\/span><div class=\"product\"><div class=\"product-img\"><a href=\"https:\/\/wartung.elwa.fp-server.com\/de\/tankheater\/erh-800-rf\/\" title=\"Heizeinsatz ERH 800 RF \/ 400 RF\" ><img loading=\"lazy\" decoding=\"async\" width=\"300\" height=\"218\" src=\"https:\/\/wartung.elwa.fp-server.com\/wp-content\/uploads\/2016\/06\/ELWA_Datenblatt_ERH800_RF_dt_05-300x218.jpg\" class=\"attachment-medium size-medium wp-post-image\" alt=\"ELWA Serie ERH800 RF\" srcset=\"https:\/\/wartung.elwa.fp-server.com\/wp-content\/uploads\/2016\/06\/ELWA_Datenblatt_ERH800_RF_dt_05-300x218.jpg 300w, https:\/\/wartung.elwa.fp-server.com\/wp-content\/uploads\/2016\/06\/ELWA_Datenblatt_ERH800_RF_dt_05.jpg 494w\" sizes=\"(max-width: 300px) 100vw, 300px\" \/><\/a><\/div><div class=\"product-content\"><h2 class=\"product-title\"><a class=\"tocat\" href=\"https:\/\/wartung.elwa.fp-server.com\/de\/tankheater\/erh-800-rf\/\">Heizeinsatz ERH 800 RF \/ 400 RF<\/a><\/h2><p>Die Heizeins\u00e4tze der Serie 800 RF verf\u00fcgen \u00fcber Konstruktionsmerkmale, die sie zu den \u00fcberlegenen Ger\u00e4ten auf dem Markt machen. Die hohe Variabilit\u00e4t des Designs erlaubt eine optimale Adaption an die Prozessbedingungen. Besser k\u00f6nnen Tanks nicht elektrisch beheizt werden.<\/p><\/div><\/div><span class=\"product-shadow\"><\/span><\/div>\n","protected":false},"excerpt":{"rendered":"<p>Die Schifffahrt steht vor neuen Herausforderungen. Sicherheits- und Umweltstandards werden angehoben, im Frachtgesch\u00e4ft steigt der Termindruck und in der Passagierschifffahrt wird mehr Komfort erwartet. Und immer wird ein H\u00f6chstma\u00df an Zuverl\u00e4ssigkeit der technischen Ausr\u00fcstung vorausgesetzt. Denn sichere Technik sch\u00fctzt die maritimen Lebensr\u00e4ume. ELWA ist auf den Weltmeeren zu Hause. Ob Supertanker, Cruiseliner, U-Boote oder Containerschiffe \u2013 wir liefern seit \u00fcber 75 Jahren Komponenten f\u00fcr den Schiffbau. Mit Leidenschaft und ohne Kompromisse. Denn wir wissen: nur erstklassige Qualit\u00e4t gew\u00e4hrleistet einen sicheren und profitablen Schiffsbetrieb. Zus\u00e4tzliche Informationen<\/p>\n","protected":false},"author":1,"featured_media":0,"parent":0,"menu_order":0,"comment_status":"closed","ping_status":"closed","template":"targetgroup.php","meta":{"_acf_changed":false,"inline_featured_image":false,"footnotes":""},"acf":[],"_links":{"self":[{"href":"https:\/\/wartung.elwa.fp-server.com\/de\/wp-json\/wp\/v2\/pages\/331"}],"collection":[{"href":"https:\/\/wartung.elwa.fp-server.com\/de\/wp-json\/wp\/v2\/pages"}],"about":[{"href":"https:\/\/wartung.elwa.fp-server.com\/de\/wp-json\/wp\/v2\/types\/page"}],"author":[{"embeddable":true,"href":"https:\/\/wartung.elwa.fp-server.com\/de\/wp-json\/wp\/v2\/users\/1"}],"replies":[{"embeddable":true,"href":"https:\/\/wartung.elwa.fp-server.com\/de\/wp-json\/wp\/v2\/comments?post=331"}],"version-history":[{"count":10,"href":"https:\/\/wartung.elwa.fp-server.com\/de\/wp-json\/wp\/v2\/pages\/331\/revisions"}],"predecessor-version":[{"id":3548,"href":"https:\/\/wartung.elwa.fp-server.com\/de\/wp-json\/wp\/v2\/pages\/331\/revisions\/3548"}],"wp:attachment":[{"href":"https:\/\/wartung.elwa.fp-server.com\/de\/wp-json\/wp\/v2\/media?parent=331"}],"curies":[{"name":"wp","href":"https:\/\/api.w.org\/{rel}","templated":true}]}}