{"id":39,"date":"2013-03-25T11:28:27","date_gmt":"2013-03-25T11:28:27","guid":{"rendered":"https:\/\/www.elwa.com\/?page_id=39"},"modified":"2018-09-11T08:03:14","modified_gmt":"2018-09-11T08:03:14","slug":"ueber-uns","status":"publish","type":"page","link":"https:\/\/wartung.elwa.fp-server.com\/de\/ueber-uns\/","title":{"rendered":"Das Unternehmen"},"content":{"rendered":"<div class=\"wpb-content-wrapper\"><p>[vc_row][vc_column width=&#8220;1\/3&#8243;][vc_single_image image=&#8220;3471&#8243; img_size=&#8220;medium&#8220; alignment=&#8220;center&#8220;][\/vc_column][vc_column width=&#8220;1\/3&#8243;][vc_single_image image=&#8220;1823&#8243; img_size=&#8220;medium&#8220; alignment=&#8220;center&#8220;][\/vc_column][vc_column width=&#8220;1\/3&#8243;][vc_single_image image=&#8220;1822&#8243; img_size=&#8220;medium&#8220; alignment=&#8220;center&#8220;][\/vc_column][\/vc_row][vc_row][vc_column][vc_column_text]Die Geschichte der Firma ELWA beginnt im Jahr 1931, als Dipl.-Ing. Anton Hilpoltsteiner die Elektroabteilung aus der Konkursmasse eines M\u00fcnchner Unternehmens kauft und auf die Zukunft elektrisch beheizter Ger\u00e4te setzt.<\/p>\n<p>In den fr\u00fchen Jahren fertigt ELWA Elektroherde f\u00fcr die Bereiche Haushalt und Industrie. In dieser Zeit wird auch die Entwicklung elektrischer Durchlauferhitzer in die Wege geleitet. Neben der Serienfertigung bedient ELWA seine Kunden mit Sonderanfertigungen f\u00fcr spezielle Einsatzzwecke. Die elektrischen Bordk\u00fcchen f\u00fcr die Zeppelin-Luftschiffe werden von ELWA entwickelt und gefertigt.<\/p>\n<p>Die anfangs des Jahrhunderts noch exotische Elektroindustrie erlebt einen starken Zuwachs, von dem auch das Familienunternehmen ELWA profitiert. Den Zweiten Weltkrieg \u00fcbersteht das Unternehmen ohne gr\u00f6\u00dfere Sch\u00e4den und kann die normale Gesch\u00e4ftst\u00e4tigkeit nach Ende des Krieges \u00fcbergangslos fortsetzen. Der Ausr\u00fcstungsbedarf privater Haushalte und der produzierenden Industrie beschert ELWA volle Auftragsb\u00fccher, die eine Modernisierung und Erweiterung erforderlich machen. 1962 werden die alte Fertigungshalle und die Villa aus der Gr\u00fcnderzeit durch einen modernen Verwaltungsbau verbunden. In dieser Zeit sind der Gro\u00dfk\u00fcchenbau und die Fertigung der Durchlauferhitzer f\u00fcr Schifffahrt und Industrie die beiden wichtigsten Sparten.<\/p>\n<p>1971 stirbt A. Hilpoltsteiner Senior, die Firma geht \u00fcber an seine Tochter Hedwig Hausler und seinen Sohn A. J. Hilpoltsteiner, der die Gesch\u00e4ftsleitung \u00fcbernimmt und ELWA durch die 70er- und die schwierigen 80er- Jahre f\u00fchrt. In dieser Zeit fallen zwei wichtige Entscheidungen: Die Produktion wird um die Bereiche Anlagenbau und Schaltschrankbau erweitert. Seit 1985 werden Schaltschr\u00e4nke, Pumpen und Erhitzer zu effizienten Systemen kombiniert. Mit dem Erfolg der zuverl\u00e4ssigen ELWA-Produkte w\u00e4chst das internationale Interesse an der Technologie \u201eMade in Germany\u201c. Es entstehen Kontakte und Gesch\u00e4ftsbeziehungen in die ganze Welt.<\/p>\n<p>ELWA etabliert sich als innovatives und starkes Unternehmen auf dem internationalen Markt. 1988, ELWA ist inzwischen Standardlieferant vieler Motorenhersteller, erfolgt die Einf\u00fchrung der EDV. Der Vorw\u00e4rmerbereich entwickelt sich stetig weiter. Wichtige Kooperationen wie z. B. mit Herstellern f\u00fcr Kraftstoffmodule sichern die Marktposition.<\/p>\n<p>1993 und 1995 werden die Steuerungstechnik und der Modulbau entscheidend weiterentwickelt. Die Produktpalette wird abermals breiter aufgestellt. \u00dcberraschend und viel zu fr\u00fch stirbt im Jahre 2002 A. Hilpoltsteiner. Das Unternehmen wird heute von Dipl.Ing. (FH) Markus A. Hilpolsteiner in dritter Generation gef\u00fchrt.<\/p>\n<p>Der bis dahin als zweites Standbein fungierende Gro\u00dfk\u00fcchenbau wird aufgegeben. Das Unternehmen w\u00e4chst mit zunehmendem Erfolg. Schon bald werden die Produktionsst\u00e4tten in M\u00fcnchen an der Landsberger Stra\u00dfe zu eng. Zum Jahreswechsel 2008 \/2009 zieht ELWA in die neuen Hallen in Maisach, direkt vor den Toren der bayerischen Landeshauptstadt M\u00fcnchen. Auf 6.400 m\u00b2 Produktionsfl\u00e4che fertigen hier bestens ausgebildete Mitarbeiter unter modernsten Bedingungen ELWA-Ger\u00e4te f\u00fcr Schiffbau, Industrie, Energieanlagen und den Motorsport.<\/p>\n<p style=\"text-align: center;\"><em>Flexibel, schnell und zuverl\u00e4ssig \u2013 f\u00fcr jeden Anspruch die richtige L\u00f6sung.<\/em><\/p>\n<p>[\/vc_column_text][vc_column_text]<\/p>\n<h3>Download<\/h3>\n<p><a title=\"Die Firma ELWA stellt sich vor\" href=\"https:\/\/wartung.elwa.fp-server.com\/wp-content\/uploads\/2013\/03\/elwa_firmenbroschuere-2016-de.pdf\" target=\"_blank\" rel=\"noopener noreferrer\">ELWA Unternehmensbrosch\u00fcre<\/a>[\/vc_column_text][\/vc_column][\/vc_row]<\/p>\n<\/div>","protected":false},"excerpt":{"rendered":"<p>[vc_row][vc_column width=&#8220;1\/3&#8243;][vc_single_image image=&#8220;3471&#8243; img_size=&#8220;medium&#8220; alignment=&#8220;center&#8220;][\/vc_column][vc_column width=&#8220;1\/3&#8243;][vc_single_image image=&#8220;1823&#8243; img_size=&#8220;medium&#8220; alignment=&#8220;center&#8220;][\/vc_column][vc_column width=&#8220;1\/3&#8243;][vc_single_image image=&#8220;1822&#8243; img_size=&#8220;medium&#8220; alignment=&#8220;center&#8220;][\/vc_column][\/vc_row][vc_row][vc_column][vc_column_text]Die Geschichte der Firma ELWA beginnt im Jahr 1931, als Dipl.-Ing. Anton Hilpoltsteiner die Elektroabteilung aus der Konkursmasse eines M\u00fcnchner Unternehmens kauft und auf die Zukunft elektrisch beheizter Ger\u00e4te setzt. In den fr\u00fchen Jahren fertigt ELWA Elektroherde f\u00fcr die Bereiche Haushalt und Industrie. In dieser Zeit wird auch die Entwicklung elektrischer Durchlauferhitzer in die Wege geleitet. Neben der Serienfertigung bedient ELWA seine Kunden mit Sonderanfertigungen f\u00fcr spezielle Einsatzzwecke. Die elektrischen Bordk\u00fcchen f\u00fcr die Zeppelin-Luftschiffe werden von ELWA entwickelt und gefertigt. Die anfangs des Jahrhunderts noch exotische Elektroindustrie erlebt&#8230; <a class=\"read-more product-link\" title=\"Das Unternehmen\" href=\"https:\/\/wartung.elwa.fp-server.com\/de\/ueber-uns\/\">Mehr Informationen<\/a><\/p>\n","protected":false},"author":1,"featured_media":0,"parent":0,"menu_order":0,"comment_status":"closed","ping_status":"closed","template":"","meta":{"_acf_changed":false,"inline_featured_image":false,"footnotes":""},"acf":[],"_links":{"self":[{"href":"https:\/\/wartung.elwa.fp-server.com\/de\/wp-json\/wp\/v2\/pages\/39"}],"collection":[{"href":"https:\/\/wartung.elwa.fp-server.com\/de\/wp-json\/wp\/v2\/pages"}],"about":[{"href":"https:\/\/wartung.elwa.fp-server.com\/de\/wp-json\/wp\/v2\/types\/page"}],"author":[{"embeddable":true,"href":"https:\/\/wartung.elwa.fp-server.com\/de\/wp-json\/wp\/v2\/users\/1"}],"replies":[{"embeddable":true,"href":"https:\/\/wartung.elwa.fp-server.com\/de\/wp-json\/wp\/v2\/comments?post=39"}],"version-history":[{"count":11,"href":"https:\/\/wartung.elwa.fp-server.com\/de\/wp-json\/wp\/v2\/pages\/39\/revisions"}],"predecessor-version":[{"id":3474,"href":"https:\/\/wartung.elwa.fp-server.com\/de\/wp-json\/wp\/v2\/pages\/39\/revisions\/3474"}],"wp:attachment":[{"href":"https:\/\/wartung.elwa.fp-server.com\/de\/wp-json\/wp\/v2\/media?parent=39"}],"curies":[{"name":"wp","href":"https:\/\/api.w.org\/{rel}","templated":true}]}}