{"id":56,"date":"2013-03-25T11:32:00","date_gmt":"2013-03-25T11:32:00","guid":{"rendered":"https:\/\/www.elwa.com\/?page_id=56"},"modified":"2020-11-20T15:46:19","modified_gmt":"2020-11-20T15:46:19","slug":"kontakt","status":"publish","type":"page","link":"https:\/\/wartung.elwa.fp-server.com\/de\/kontakt\/","title":{"rendered":"Kontakt"},"content":{"rendered":"<div class=\"wpb-content-wrapper\"><p>[vc_row][vc_column][vc_column_text]<\/p>\n<h2 style=\"text-align: center;\">Kontakt<\/h2>\n<p style=\"text-align: center;\">Sie haben eine Idee, sind sich aber nicht sicher, ob sich diese technisch verwirklichen l\u00e4sst? Sie wollen wissen, wie Ihre Betriebsstoffe am effizientesten und am schonendsten auf Temperatur gebracht werden k\u00f6nnen? Am besten setzen wir uns bereits in der Konzeptphase zusammen und finden miteinander die effizienteste und kosteng\u00fcnstigste L\u00f6sung f\u00fcr Ihr Projekt.<\/p>\n<p style=\"text-align: center;\">Wir sind bereit \u2013 sind Sie es auch?<\/p>\n<p>[\/vc_column_text][\/vc_column][\/vc_row][vc_row][vc_column][vc_column_text][\/vc_column_text][\/vc_column][\/vc_row]<\/p>\n<\/div>","protected":false},"excerpt":{"rendered":"<p>[vc_row][vc_column][vc_column_text] Kontakt Sie haben eine Idee, sind sich aber nicht sicher, ob sich diese technisch verwirklichen l\u00e4sst? Sie wollen wissen, wie Ihre Betriebsstoffe am effizientesten und am schonendsten auf Temperatur gebracht werden k\u00f6nnen? Am besten setzen wir uns bereits in der Konzeptphase zusammen und finden miteinander die effizienteste und kosteng\u00fcnstigste L\u00f6sung f\u00fcr Ihr Projekt. Wir sind bereit \u2013 sind Sie es auch? [\/vc_column_text][\/vc_column][\/vc_row][vc_row][vc_column][vc_column_text][\/vc_column_text][\/vc_column][\/vc_row]<\/p>\n","protected":false},"author":1,"featured_media":0,"parent":0,"menu_order":0,"comment_status":"closed","ping_status":"closed","template":"page-templates\/contact-page.php","meta":{"_acf_changed":false,"inline_featured_image":false,"footnotes":""},"acf":[],"_links":{"self":[{"href":"https:\/\/wartung.elwa.fp-server.com\/de\/wp-json\/wp\/v2\/pages\/56"}],"collection":[{"href":"https:\/\/wartung.elwa.fp-server.com\/de\/wp-json\/wp\/v2\/pages"}],"about":[{"href":"https:\/\/wartung.elwa.fp-server.com\/de\/wp-json\/wp\/v2\/types\/page"}],"author":[{"embeddable":true,"href":"https:\/\/wartung.elwa.fp-server.com\/de\/wp-json\/wp\/v2\/users\/1"}],"replies":[{"embeddable":true,"href":"https:\/\/wartung.elwa.fp-server.com\/de\/wp-json\/wp\/v2\/comments?post=56"}],"version-history":[{"count":11,"href":"https:\/\/wartung.elwa.fp-server.com\/de\/wp-json\/wp\/v2\/pages\/56\/revisions"}],"predecessor-version":[{"id":3922,"href":"https:\/\/wartung.elwa.fp-server.com\/de\/wp-json\/wp\/v2\/pages\/56\/revisions\/3922"}],"wp:attachment":[{"href":"https:\/\/wartung.elwa.fp-server.com\/de\/wp-json\/wp\/v2\/media?parent=56"}],"curies":[{"name":"wp","href":"https:\/\/api.w.org\/{rel}","templated":true}]}}