{"id":60,"date":"2013-03-25T12:25:03","date_gmt":"2013-03-25T12:25:03","guid":{"rendered":"https:\/\/www.elwa.com\/?page_id=60"},"modified":"2022-01-24T07:43:08","modified_gmt":"2022-01-24T07:43:08","slug":"agb","status":"publish","type":"page","link":"https:\/\/wartung.elwa.fp-server.com\/de\/agb\/","title":{"rendered":"AGB"},"content":{"rendered":"<h3>Allgemeine Liefer- und Verkaufsbedingungen<\/h3>\n<p>Unsere allgemeinen Liefer- und Verkaufsbedingungen gelten f\u00fcr alle Gesch\u00e4ftsvorg\u00e4nge zwischen unseren Kunden und der ELWA Elektro-W\u00e4rme GmbH &amp; Co. KG (im Folgenden als &#8222;ELWA&#8220; bezeichnet).\u00a0 Unsere Liefer- und Verkaufsbedingungen gelten ausschlie\u00dflich. Abweichende oder entgegenstehende Bedingungen werden von uns nicht anerkannt, sofern wir diesen nicht ausdru\u0308cklich schriftlich zugestimmt haben.<\/p>\n<p>Unsere allgemeinen Liefer- und Verkaufsbedingungen k\u00f6nnen hier heruntergeladen werden:<\/p>\n<p><a title=\"\" href=\"https:\/\/wartung.elwa.fp-server.com\/wp-content\/uploads\/2022\/01\/elwa-allgemeine-lieferbedingungen-de-en-01_22.pdf\" target=\"_blank\" rel=\"noopener\">ELWA Liefer- und Verkaufsbedingungen<\/a><\/p>\n<p>&nbsp;<\/p>\n<hr \/>\n<h3>Allgemeine Einkaufsbedingungen<\/h3>\n<p>Unsere Einkaufsbedingungen gelten f\u00fcr alle Gesch\u00e4fte zwischen ELWA Elektro-W\u00e4rme GmbH &amp; Co. KG (im Folgenden als &#8222;ELWA&#8220; bezeichnet). Unsere Einkaufsbedingungen folgen deutschem Recht gem\u00e4\u00df HGB\/BGB.\u00a0Abweichende oder entgegenstehende Bedingungen werden von uns nicht anerkannt, sofern wir diesen nicht ausdru\u0308cklich schriftlich zugestimmt haben. Stillschweigen oder unwidersprochene Annahme von Warensendungen bedeuten keine Anerkennung anderer oder anderslautender Bedingungen.<\/p>\n<p>Mit der Annahme unserer Bestellung best\u00e4tigt der Lieferant, dass alle gelieferten Waren Asbestfrei und RoHS konform sind. Ist dies nicht der Fall, ist die Bestellung unwirksam.<\/p>\n","protected":false},"excerpt":{"rendered":"<p>Allgemeine Liefer- und Verkaufsbedingungen Unsere allgemeinen Liefer- und Verkaufsbedingungen gelten f\u00fcr alle Gesch\u00e4ftsvorg\u00e4nge zwischen unseren Kunden und der ELWA Elektro-W\u00e4rme GmbH &amp; Co. KG (im Folgenden als &#8222;ELWA&#8220; bezeichnet).\u00a0 Unsere Liefer- und Verkaufsbedingungen gelten ausschlie\u00dflich. Abweichende oder entgegenstehende Bedingungen werden von uns nicht anerkannt, sofern wir diesen nicht ausdru\u0308cklich schriftlich zugestimmt haben. Unsere allgemeinen Liefer- und Verkaufsbedingungen k\u00f6nnen hier heruntergeladen werden: ELWA Liefer- und Verkaufsbedingungen &nbsp; Allgemeine Einkaufsbedingungen Unsere Einkaufsbedingungen gelten f\u00fcr alle Gesch\u00e4fte zwischen ELWA Elektro-W\u00e4rme GmbH &amp; Co. KG (im Folgenden als &#8222;ELWA&#8220; bezeichnet). Unsere Einkaufsbedingungen folgen deutschem Recht gem\u00e4\u00df HGB\/BGB.\u00a0Abweichende oder entgegenstehende Bedingungen werden von uns nicht&#8230; <a class=\"read-more product-link\" title=\"AGB\" href=\"https:\/\/wartung.elwa.fp-server.com\/de\/agb\/\">Mehr Informationen<\/a><\/p>\n","protected":false},"author":1,"featured_media":0,"parent":0,"menu_order":0,"comment_status":"closed","ping_status":"closed","template":"","meta":{"_acf_changed":false,"inline_featured_image":false,"footnotes":""},"acf":[],"_links":{"self":[{"href":"https:\/\/wartung.elwa.fp-server.com\/de\/wp-json\/wp\/v2\/pages\/60"}],"collection":[{"href":"https:\/\/wartung.elwa.fp-server.com\/de\/wp-json\/wp\/v2\/pages"}],"about":[{"href":"https:\/\/wartung.elwa.fp-server.com\/de\/wp-json\/wp\/v2\/types\/page"}],"author":[{"embeddable":true,"href":"https:\/\/wartung.elwa.fp-server.com\/de\/wp-json\/wp\/v2\/users\/1"}],"replies":[{"embeddable":true,"href":"https:\/\/wartung.elwa.fp-server.com\/de\/wp-json\/wp\/v2\/comments?post=60"}],"version-history":[{"count":9,"href":"https:\/\/wartung.elwa.fp-server.com\/de\/wp-json\/wp\/v2\/pages\/60\/revisions"}],"predecessor-version":[{"id":1785,"href":"https:\/\/wartung.elwa.fp-server.com\/de\/wp-json\/wp\/v2\/pages\/60\/revisions\/1785"}],"wp:attachment":[{"href":"https:\/\/wartung.elwa.fp-server.com\/de\/wp-json\/wp\/v2\/media?parent=60"}],"curies":[{"name":"wp","href":"https:\/\/api.w.org\/{rel}","templated":true}]}}